{"id":252,"date":"2020-12-15T02:28:27","date_gmt":"2020-12-15T02:28:27","guid":{"rendered":"https:\/\/mytla.com\/?page_id=252"},"modified":"2020-12-15T21:26:11","modified_gmt":"2020-12-15T21:26:11","slug":"creer-un-avantage-concurrentiel","status":"publish","type":"page","link":"https:\/\/mytla.com\/fr\/expediteurs\/creer-un-avantage-concurrentiel\/","title":{"rendered":"Cr\u00e9er un avantage concurrentiel"},"content":{"rendered":"\t\t<div data-elementor-type=\"wp-page\" data-elementor-id=\"252\" class=\"elementor elementor-252\">\n\t\t\t\t\t\t<section class=\"elementor-section elementor-top-section elementor-element elementor-element-86a76ab elementor-section-height-min-height elementor-section-boxed elementor-section-height-default elementor-section-items-middle\" data-id=\"86a76ab\" data-element_type=\"section\" data-settings=\"{&quot;jet_parallax_layout_list&quot;:[{&quot;jet_parallax_layout_image&quot;:{&quot;url&quot;:&quot;&quot;,&quot;id&quot;:&quot;&quot;,&quot;size&quot;:&quot;&quot;},&quot;_id&quot;:&quot;1ea04ab&quot;,&quot;jet_parallax_layout_image_tablet&quot;:{&quot;url&quot;:&quot;&quot;,&quot;id&quot;:&quot;&quot;,&quot;size&quot;:&quot;&quot;},&quot;jet_parallax_layout_image_mobile&quot;:{&quot;url&quot;:&quot;&quot;,&quot;id&quot;:&quot;&quot;,&quot;size&quot;:&quot;&quot;},&quot;jet_parallax_layout_speed&quot;:{&quot;unit&quot;:&quot;%&quot;,&quot;size&quot;:50,&quot;sizes&quot;:[]},&quot;jet_parallax_layout_type&quot;:&quot;scroll&quot;,&quot;jet_parallax_layout_direction&quot;:&quot;1&quot;,&quot;jet_parallax_layout_fx_direction&quot;:null,&quot;jet_parallax_layout_z_index&quot;:&quot;&quot;,&quot;jet_parallax_layout_bg_x&quot;:50,&quot;jet_parallax_layout_bg_x_tablet&quot;:&quot;&quot;,&quot;jet_parallax_layout_bg_x_mobile&quot;:&quot;&quot;,&quot;jet_parallax_layout_bg_y&quot;:50,&quot;jet_parallax_layout_bg_y_tablet&quot;:&quot;&quot;,&quot;jet_parallax_layout_bg_y_mobile&quot;:&quot;&quot;,&quot;jet_parallax_layout_bg_size&quot;:&quot;auto&quot;,&quot;jet_parallax_layout_bg_size_tablet&quot;:&quot;&quot;,&quot;jet_parallax_layout_bg_size_mobile&quot;:&quot;&quot;,&quot;jet_parallax_layout_animation_prop&quot;:&quot;transform&quot;,&quot;jet_parallax_layout_on&quot;:[&quot;desktop&quot;,&quot;tablet&quot;]}],&quot;background_background&quot;:&quot;classic&quot;}\">\n\t\t\t\t\t\t\t<div class=\"elementor-background-overlay\"><\/div>\n\t\t\t\t\t\t\t<div class=\"elementor-container elementor-column-gap-default\">\n\t\t\t\t\t<div class=\"elementor-column elementor-col-100 elementor-top-column elementor-element elementor-element-e27272f\" data-id=\"e27272f\" data-element_type=\"column\">\n\t\t\t<div class=\"elementor-widget-wrap elementor-element-populated\">\n\t\t\t\t\t\t<div class=\"elementor-element elementor-element-f0a2ca9 elementor-widget elementor-widget-text-editor\" data-id=\"f0a2ca9\" data-element_type=\"widget\" data-widget_type=\"text-editor.default\">\n\t\t\t\t<div class=\"elementor-widget-container\">\n\t\t\t\t\t\t\t\t\t<p>Cr\u00e9er un avantage concurrentiel<\/p>\t\t\t\t\t\t\t\t<\/div>\n\t\t\t\t<\/div>\n\t\t\t\t\t<\/div>\n\t\t<\/div>\n\t\t\t\t\t<\/div>\n\t\t<\/section>\n\t\t\t\t<section class=\"elementor-section elementor-top-section elementor-element elementor-element-9dbbc26 elementor-section-boxed elementor-section-height-default elementor-section-height-default\" data-id=\"9dbbc26\" data-element_type=\"section\" data-settings=\"{&quot;jet_parallax_layout_list&quot;:[{&quot;jet_parallax_layout_image&quot;:{&quot;url&quot;:&quot;&quot;,&quot;id&quot;:&quot;&quot;,&quot;size&quot;:&quot;&quot;},&quot;_id&quot;:&quot;186aa4e&quot;,&quot;jet_parallax_layout_image_tablet&quot;:{&quot;url&quot;:&quot;&quot;,&quot;id&quot;:&quot;&quot;,&quot;size&quot;:&quot;&quot;},&quot;jet_parallax_layout_image_mobile&quot;:{&quot;url&quot;:&quot;&quot;,&quot;id&quot;:&quot;&quot;,&quot;size&quot;:&quot;&quot;},&quot;jet_parallax_layout_speed&quot;:{&quot;unit&quot;:&quot;%&quot;,&quot;size&quot;:50,&quot;sizes&quot;:[]},&quot;jet_parallax_layout_type&quot;:&quot;scroll&quot;,&quot;jet_parallax_layout_direction&quot;:&quot;1&quot;,&quot;jet_parallax_layout_fx_direction&quot;:null,&quot;jet_parallax_layout_z_index&quot;:&quot;&quot;,&quot;jet_parallax_layout_bg_x&quot;:50,&quot;jet_parallax_layout_bg_x_tablet&quot;:&quot;&quot;,&quot;jet_parallax_layout_bg_x_mobile&quot;:&quot;&quot;,&quot;jet_parallax_layout_bg_y&quot;:50,&quot;jet_parallax_layout_bg_y_tablet&quot;:&quot;&quot;,&quot;jet_parallax_layout_bg_y_mobile&quot;:&quot;&quot;,&quot;jet_parallax_layout_bg_size&quot;:&quot;auto&quot;,&quot;jet_parallax_layout_bg_size_tablet&quot;:&quot;&quot;,&quot;jet_parallax_layout_bg_size_mobile&quot;:&quot;&quot;,&quot;jet_parallax_layout_animation_prop&quot;:&quot;transform&quot;,&quot;jet_parallax_layout_on&quot;:[&quot;desktop&quot;,&quot;tablet&quot;]}]}\">\n\t\t\t\t\t\t<div class=\"elementor-container elementor-column-gap-default\">\n\t\t\t\t\t<div class=\"elementor-column elementor-col-100 elementor-top-column elementor-element elementor-element-dcdb4ab\" data-id=\"dcdb4ab\" data-element_type=\"column\">\n\t\t\t<div class=\"elementor-widget-wrap elementor-element-populated\">\n\t\t\t\t\t\t<div class=\"elementor-element elementor-element-76b9996 elementor-widget elementor-widget-text-editor\" data-id=\"76b9996\" data-element_type=\"widget\" data-widget_type=\"text-editor.default\">\n\t\t\t\t<div class=\"elementor-widget-container\">\n\t\t\t\t\t\t\t\t\t<h1>Il suffit de regarder des entreprises comme Amazon ou Costco pour comprendre les effets de la cha\u00eene d&rsquo;approvisionnement sur votre mod\u00e8le d&rsquo;entreprise.<\/h1>\t\t\t\t\t\t\t\t<\/div>\n\t\t\t\t<\/div>\n\t\t\t\t<div class=\"elementor-element elementor-element-972fb6b elementor-widget elementor-widget-text-editor\" data-id=\"972fb6b\" data-element_type=\"widget\" data-widget_type=\"text-editor.default\">\n\t\t\t\t<div class=\"elementor-widget-container\">\n\t\t\t\t\t\t\t\t\t<p>Si vous commandez un livre chez Amazon et qu&rsquo;il vous parvient le lendemain, dans un emballage propre et sans frais impr\u00e9vus, vous ach\u00e8terez probablement votre prochain livre \u00e0 cet endroit plut\u00f4t que de vous rendre \u00e0 votre librairie locale.<\/p><p>Quel est le prix au d\u00e9barquement et le niveau de service optimal pour vos clients et qu&rsquo;est-ce que cela signifie en termes de fid\u00e9lisation ? Permet-il de compenser les co\u00fbts logistiques suppl\u00e9mentaires ? Cela vous diff\u00e9rencierait-il de vos concurrents ?<\/p><p>En th\u00e9orie, toute solution logistique peut \u00eatre conceptualis\u00e9e, \u00e9tudi\u00e9e et chiffr\u00e9e. Prenez donc le temps d&rsquo;envisager comment la livraison de votre produit peut vous aider \u00e0 vous diff\u00e9rencier de la concurrence.<\/p><p>La solution logistique que vous d\u00e9ployez d\u00e9terminera en grande partie le type de partenaire logistique que vous choisirez. Cette d\u00e9cision sera faite en fonction du co\u00fbt, des comp\u00e9tences de base et de la culture d&rsquo;entreprise.<\/p>\t\t\t\t\t\t\t\t<\/div>\n\t\t\t\t<\/div>\n\t\t\t\t\t<\/div>\n\t\t<\/div>\n\t\t\t\t\t<\/div>\n\t\t<\/section>\n\t\t\t\t<section class=\"elementor-section elementor-top-section elementor-element elementor-element-3d4942d elementor-section-boxed elementor-section-height-default elementor-section-height-default\" data-id=\"3d4942d\" data-element_type=\"section\" data-settings=\"{&quot;jet_parallax_layout_list&quot;:[{&quot;jet_parallax_layout_image&quot;:{&quot;url&quot;:&quot;&quot;,&quot;id&quot;:&quot;&quot;,&quot;size&quot;:&quot;&quot;},&quot;_id&quot;:&quot;186aa4e&quot;,&quot;jet_parallax_layout_image_tablet&quot;:{&quot;url&quot;:&quot;&quot;,&quot;id&quot;:&quot;&quot;,&quot;size&quot;:&quot;&quot;},&quot;jet_parallax_layout_image_mobile&quot;:{&quot;url&quot;:&quot;&quot;,&quot;id&quot;:&quot;&quot;,&quot;size&quot;:&quot;&quot;},&quot;jet_parallax_layout_speed&quot;:{&quot;unit&quot;:&quot;%&quot;,&quot;size&quot;:50,&quot;sizes&quot;:[]},&quot;jet_parallax_layout_type&quot;:&quot;scroll&quot;,&quot;jet_parallax_layout_direction&quot;:&quot;1&quot;,&quot;jet_parallax_layout_fx_direction&quot;:null,&quot;jet_parallax_layout_z_index&quot;:&quot;&quot;,&quot;jet_parallax_layout_bg_x&quot;:50,&quot;jet_parallax_layout_bg_x_tablet&quot;:&quot;&quot;,&quot;jet_parallax_layout_bg_x_mobile&quot;:&quot;&quot;,&quot;jet_parallax_layout_bg_y&quot;:50,&quot;jet_parallax_layout_bg_y_tablet&quot;:&quot;&quot;,&quot;jet_parallax_layout_bg_y_mobile&quot;:&quot;&quot;,&quot;jet_parallax_layout_bg_size&quot;:&quot;auto&quot;,&quot;jet_parallax_layout_bg_size_tablet&quot;:&quot;&quot;,&quot;jet_parallax_layout_bg_size_mobile&quot;:&quot;&quot;,&quot;jet_parallax_layout_animation_prop&quot;:&quot;transform&quot;,&quot;jet_parallax_layout_on&quot;:[&quot;desktop&quot;,&quot;tablet&quot;]}],&quot;background_background&quot;:&quot;classic&quot;}\">\n\t\t\t\t\t\t<div class=\"elementor-container elementor-column-gap-default\">\n\t\t\t\t\t<div class=\"elementor-column elementor-col-100 elementor-top-column elementor-element elementor-element-1dbd11b\" data-id=\"1dbd11b\" data-element_type=\"column\">\n\t\t\t<div class=\"elementor-widget-wrap elementor-element-populated\">\n\t\t\t\t\t\t<div class=\"elementor-element elementor-element-084be19 elementor-widget elementor-widget-text-editor\" data-id=\"084be19\" data-element_type=\"widget\" data-widget_type=\"text-editor.default\">\n\t\t\t\t<div class=\"elementor-widget-container\">\n\t\t\t\t\t\t\t\t\t<p>Comment votre entreprise peut-elle servir votre march\u00e9 vertical mieux que la concurrence et que cela signifie-t-il pour vos r\u00e9sultats ?<\/p>\t\t\t\t\t\t\t\t<\/div>\n\t\t\t\t<\/div>\n\t\t\t\t\t<\/div>\n\t\t<\/div>\n\t\t\t\t\t<\/div>\n\t\t<\/section>\n\t\t\t\t<section class=\"elementor-section elementor-top-section elementor-element elementor-element-58b1b67 elementor-section-boxed elementor-section-height-default elementor-section-height-default\" data-id=\"58b1b67\" data-element_type=\"section\" data-settings=\"{&quot;jet_parallax_layout_list&quot;:[{&quot;jet_parallax_layout_image&quot;:{&quot;url&quot;:&quot;&quot;,&quot;id&quot;:&quot;&quot;,&quot;size&quot;:&quot;&quot;},&quot;_id&quot;:&quot;def649c&quot;,&quot;jet_parallax_layout_image_tablet&quot;:{&quot;url&quot;:&quot;&quot;,&quot;id&quot;:&quot;&quot;,&quot;size&quot;:&quot;&quot;},&quot;jet_parallax_layout_image_mobile&quot;:{&quot;url&quot;:&quot;&quot;,&quot;id&quot;:&quot;&quot;,&quot;size&quot;:&quot;&quot;},&quot;jet_parallax_layout_speed&quot;:{&quot;unit&quot;:&quot;%&quot;,&quot;size&quot;:50,&quot;sizes&quot;:[]},&quot;jet_parallax_layout_type&quot;:&quot;scroll&quot;,&quot;jet_parallax_layout_direction&quot;:&quot;1&quot;,&quot;jet_parallax_layout_fx_direction&quot;:null,&quot;jet_parallax_layout_z_index&quot;:&quot;&quot;,&quot;jet_parallax_layout_bg_x&quot;:50,&quot;jet_parallax_layout_bg_x_tablet&quot;:&quot;&quot;,&quot;jet_parallax_layout_bg_x_mobile&quot;:&quot;&quot;,&quot;jet_parallax_layout_bg_y&quot;:50,&quot;jet_parallax_layout_bg_y_tablet&quot;:&quot;&quot;,&quot;jet_parallax_layout_bg_y_mobile&quot;:&quot;&quot;,&quot;jet_parallax_layout_bg_size&quot;:&quot;auto&quot;,&quot;jet_parallax_layout_bg_size_tablet&quot;:&quot;&quot;,&quot;jet_parallax_layout_bg_size_mobile&quot;:&quot;&quot;,&quot;jet_parallax_layout_animation_prop&quot;:&quot;transform&quot;,&quot;jet_parallax_layout_on&quot;:[&quot;desktop&quot;,&quot;tablet&quot;]}],&quot;background_background&quot;:&quot;classic&quot;}\">\n\t\t\t\t\t\t<div class=\"elementor-container elementor-column-gap-default\">\n\t\t\t\t\t<div class=\"elementor-column elementor-col-100 elementor-top-column elementor-element elementor-element-d8dd2f6\" data-id=\"d8dd2f6\" data-element_type=\"column\">\n\t\t\t<div class=\"elementor-widget-wrap elementor-element-populated\">\n\t\t\t\t\t\t<div class=\"elementor-element elementor-element-902d262 elementor-widget elementor-widget-text-editor\" data-id=\"902d262\" data-element_type=\"widget\" data-widget_type=\"text-editor.default\">\n\t\t\t\t<div class=\"elementor-widget-container\">\n\t\t\t\t\t\t\t\t\t<h2>MARCH\u00c9 DE LA LOGISTIQUE VIRTUELLE MonATL<\/h2><p>Entrez dans le march\u00e9 de la logistique virtuelle MonATL pour une consultation gratuite de 30 minutes avec un de nos agents.<\/p>\t\t\t\t\t\t\t\t<\/div>\n\t\t\t\t<\/div>\n\t\t\t\t<div class=\"elementor-element elementor-element-994aefa elementor-align-center elementor-widget elementor-widget-raven-button\" data-id=\"994aefa\" data-element_type=\"widget\" data-settings=\"{&quot;turn_to_popup_action_button&quot;:&quot;no&quot;}\" data-widget_type=\"raven-button.default\">\n\t\t\t\t<div class=\"elementor-widget-container\">\n\t\t\t\t\t\t\t<div class=\"raven-widget-wrapper\">\n\t\t\t<a class=\"raven-button raven-button-widget-normal-effect-none  raven-button-text-align-center raven-button-link elementor-animation-none\" href=\"https:\/\/mytla.com\/fr\/contactez-nous\/\">\t\t\t\t<div class=\"raven-button-overlay\" ><\/div>\n\t\t\t\t<span class=\"raven-button-content\">\n\t\t\t\t\t\n\t\t\t\t\t<div class=\"button-text-container\">\n\t\t\t\t\t\t\t\t\t\t\t\t<div class=\"raven-button-texts-wrapper\">\n\t\t\t\t\t\t\t<div class=\"button-text\">\n\t\t\t\t\t\t\t\t<span class=\"raven-button-text\">\n\t\t\t\t\t\t\t\t\tNOUS CONTACTER\t\t\t\t\t\t\t\t<\/span>\n\t\t\t\t\t\t\t<\/div>\n\t\t\t\t\t\t\t\t\t\t\t\t\t<\/div>\n\t\t\t\t\t\t\t\t\t\t\t<\/div>\n\t\t\t\t\t\n\t\t\t\t\t\t\t\t\t<\/span>\n\t\t\t<\/a>\t\t<\/div>\n\t\t\t\t\t\t<\/div>\n\t\t\t\t<\/div>\n\t\t\t\t\t<\/div>\n\t\t<\/div>\n\t\t\t\t\t<\/div>\n\t\t<\/section>\n\t\t\t\t<\/div>\n\t\t","protected":false},"excerpt":{"rendered":"<p>Cr\u00e9er un avantage concurrentiel Il suffit de regarder des entreprises comme Amazon ou Costco pour comprendre les effets de la cha\u00eene d&rsquo;approvisionnement sur votre mod\u00e8le d&rsquo;entreprise. Si vous commandez un livre chez Amazon et qu&rsquo;il vous parvient le lendemain, dans un emballage propre et sans frais impr\u00e9vus, vous ach\u00e8terez probablement votre prochain livre \u00e0 cet [&hellip;]<\/p>\n","protected":false},"author":1,"featured_media":0,"parent":250,"menu_order":0,"comment_status":"closed","ping_status":"open","template":"elementor_header_footer","meta":{"_acf_changed":false,"footnotes":""},"class_list":["post-252","page","type-page","status-publish","hentry"],"acf":[],"yoast_head":"<!-- This site is optimized with the Yoast SEO plugin v26.4 - https:\/\/yoast.com\/wordpress\/plugins\/seo\/ -->\n<title>Cr\u00e9er un avantage concurrentiel - MyTLA<\/title>\n<meta name=\"description\" content=\"Il suffit de regarder des entreprises comme Amazon ou Costco pour comprendre les effets de la cha\u00eene d&#039;approvisionnement sur votre mod\u00e8le d&#039;entreprise.\" \/>\n<meta name=\"robots\" content=\"index, follow, max-snippet:-1, max-image-preview:large, max-video-preview:-1\" \/>\n<link rel=\"canonical\" href=\"https:\/\/mytla.com\/fr\/shippers\/create-a-competitive-advantage\/\" \/>\n<meta property=\"og:locale\" content=\"fr_FR\" \/>\n<meta property=\"og:type\" content=\"article\" \/>\n<meta property=\"og:title\" content=\"Cr\u00e9er un avantage concurrentiel - MyTLA\" \/>\n<meta property=\"og:description\" content=\"Il suffit de regarder des entreprises comme Amazon ou Costco pour comprendre les effets de la cha\u00eene d&#039;approvisionnement sur votre mod\u00e8le d&#039;entreprise.\" \/>\n<meta property=\"og:url\" content=\"https:\/\/mytla.com\/shippers\/create-a-competitive-advantage\/\" \/>\n<meta property=\"og:site_name\" content=\"MyTLA\" \/>\n<meta property=\"article:modified_time\" content=\"2020-12-15T21:26:11+00:00\" \/>\n<meta name=\"twitter:card\" content=\"summary_large_image\" \/>\n<script type=\"application\/ld+json\" class=\"yoast-schema-graph\">{\"@context\":\"https:\/\/schema.org\",\"@graph\":[{\"@type\":\"WebPage\",\"@id\":\"https:\/\/mytla.com\/shippers\/create-a-competitive-advantage\/\",\"url\":\"https:\/\/mytla.com\/shippers\/create-a-competitive-advantage\/\",\"name\":\"Cr\u00e9er un avantage concurrentiel - MyTLA\",\"isPartOf\":{\"@id\":\"https:\/\/mytla.com\/#website\"},\"datePublished\":\"2020-12-15T02:28:27+00:00\",\"dateModified\":\"2020-12-15T21:26:11+00:00\",\"description\":\"Il suffit de regarder des entreprises comme Amazon ou Costco pour comprendre les effets de la cha\u00eene d'approvisionnement sur votre mod\u00e8le d'entreprise.\",\"breadcrumb\":{\"@id\":\"https:\/\/mytla.com\/shippers\/create-a-competitive-advantage\/#breadcrumb\"},\"inLanguage\":\"fr-FR\",\"potentialAction\":[{\"@type\":\"ReadAction\",\"target\":[\"https:\/\/mytla.com\/shippers\/create-a-competitive-advantage\/\"]}]},{\"@type\":\"BreadcrumbList\",\"@id\":\"https:\/\/mytla.com\/shippers\/create-a-competitive-advantage\/#breadcrumb\",\"itemListElement\":[{\"@type\":\"ListItem\",\"position\":1,\"name\":\"Home\",\"item\":\"https:\/\/mytla.com\/\"},{\"@type\":\"ListItem\",\"position\":2,\"name\":\"Exp\u00e9diteurs\",\"item\":\"https:\/\/mytla.com\/shippers\/\"},{\"@type\":\"ListItem\",\"position\":3,\"name\":\"Cr\u00e9er un avantage concurrentiel\"}]},{\"@type\":\"WebSite\",\"@id\":\"https:\/\/mytla.com\/#website\",\"url\":\"https:\/\/mytla.com\/\",\"name\":\"MyTLA - Transportation & Logistics Agency\",\"description\":\"Transportation &amp; Logistics Agency\",\"publisher\":{\"@id\":\"https:\/\/mytla.com\/#organization\"},\"potentialAction\":[{\"@type\":\"SearchAction\",\"target\":{\"@type\":\"EntryPoint\",\"urlTemplate\":\"https:\/\/mytla.com\/?s={search_term_string}\"},\"query-input\":{\"@type\":\"PropertyValueSpecification\",\"valueRequired\":true,\"valueName\":\"search_term_string\"}}],\"inLanguage\":\"fr-FR\"},{\"@type\":\"Organization\",\"@id\":\"https:\/\/mytla.com\/#organization\",\"name\":\"MyTLA\",\"url\":\"https:\/\/mytla.com\/\",\"logo\":{\"@type\":\"ImageObject\",\"inLanguage\":\"fr-FR\",\"@id\":\"https:\/\/mytla.com\/#\/schema\/logo\/image\/\",\"url\":\"https:\/\/mytla.com\/wp-content\/uploads\/2020\/10\/logo.png\",\"contentUrl\":\"https:\/\/mytla.com\/wp-content\/uploads\/2020\/10\/logo.png\",\"width\":421,\"height\":156,\"caption\":\"MyTLA\"},\"image\":{\"@id\":\"https:\/\/mytla.com\/#\/schema\/logo\/image\/\"}}]}<\/script>\n<!-- \/ Yoast SEO plugin. -->","yoast_head_json":{"title":"Cr\u00e9er un avantage concurrentiel - MyTLA","description":"Il suffit de regarder des entreprises comme Amazon ou Costco pour comprendre les effets de la cha\u00eene d'approvisionnement sur votre mod\u00e8le d'entreprise.","robots":{"index":"index","follow":"follow","max-snippet":"max-snippet:-1","max-image-preview":"max-image-preview:large","max-video-preview":"max-video-preview:-1"},"canonical":"https:\/\/mytla.com\/fr\/shippers\/create-a-competitive-advantage\/","og_locale":"fr_FR","og_type":"article","og_title":"Cr\u00e9er un avantage concurrentiel - MyTLA","og_description":"Il suffit de regarder des entreprises comme Amazon ou Costco pour comprendre les effets de la cha\u00eene d'approvisionnement sur votre mod\u00e8le d'entreprise.","og_url":"https:\/\/mytla.com\/shippers\/create-a-competitive-advantage\/","og_site_name":"MyTLA","article_modified_time":"2020-12-15T21:26:11+00:00","twitter_card":"summary_large_image","schema":{"@context":"https:\/\/schema.org","@graph":[{"@type":"WebPage","@id":"https:\/\/mytla.com\/shippers\/create-a-competitive-advantage\/","url":"https:\/\/mytla.com\/shippers\/create-a-competitive-advantage\/","name":"Cr\u00e9er un avantage concurrentiel - MyTLA","isPartOf":{"@id":"https:\/\/mytla.com\/#website"},"datePublished":"2020-12-15T02:28:27+00:00","dateModified":"2020-12-15T21:26:11+00:00","description":"Il suffit de regarder des entreprises comme Amazon ou Costco pour comprendre les effets de la cha\u00eene d'approvisionnement sur votre mod\u00e8le d'entreprise.","breadcrumb":{"@id":"https:\/\/mytla.com\/shippers\/create-a-competitive-advantage\/#breadcrumb"},"inLanguage":"fr-FR","potentialAction":[{"@type":"ReadAction","target":["https:\/\/mytla.com\/shippers\/create-a-competitive-advantage\/"]}]},{"@type":"BreadcrumbList","@id":"https:\/\/mytla.com\/shippers\/create-a-competitive-advantage\/#breadcrumb","itemListElement":[{"@type":"ListItem","position":1,"name":"Home","item":"https:\/\/mytla.com\/"},{"@type":"ListItem","position":2,"name":"Exp\u00e9diteurs","item":"https:\/\/mytla.com\/shippers\/"},{"@type":"ListItem","position":3,"name":"Cr\u00e9er un avantage concurrentiel"}]},{"@type":"WebSite","@id":"https:\/\/mytla.com\/#website","url":"https:\/\/mytla.com\/","name":"MyTLA - Transportation & Logistics Agency","description":"Transportation &amp; Logistics Agency","publisher":{"@id":"https:\/\/mytla.com\/#organization"},"potentialAction":[{"@type":"SearchAction","target":{"@type":"EntryPoint","urlTemplate":"https:\/\/mytla.com\/?s={search_term_string}"},"query-input":{"@type":"PropertyValueSpecification","valueRequired":true,"valueName":"search_term_string"}}],"inLanguage":"fr-FR"},{"@type":"Organization","@id":"https:\/\/mytla.com\/#organization","name":"MyTLA","url":"https:\/\/mytla.com\/","logo":{"@type":"ImageObject","inLanguage":"fr-FR","@id":"https:\/\/mytla.com\/#\/schema\/logo\/image\/","url":"https:\/\/mytla.com\/wp-content\/uploads\/2020\/10\/logo.png","contentUrl":"https:\/\/mytla.com\/wp-content\/uploads\/2020\/10\/logo.png","width":421,"height":156,"caption":"MyTLA"},"image":{"@id":"https:\/\/mytla.com\/#\/schema\/logo\/image\/"}}]}},"_links":{"self":[{"href":"https:\/\/mytla.com\/fr\/wp-json\/wp\/v2\/pages\/252","targetHints":{"allow":["GET"]}}],"collection":[{"href":"https:\/\/mytla.com\/fr\/wp-json\/wp\/v2\/pages"}],"about":[{"href":"https:\/\/mytla.com\/fr\/wp-json\/wp\/v2\/types\/page"}],"author":[{"embeddable":true,"href":"https:\/\/mytla.com\/fr\/wp-json\/wp\/v2\/users\/1"}],"replies":[{"embeddable":true,"href":"https:\/\/mytla.com\/fr\/wp-json\/wp\/v2\/comments?post=252"}],"version-history":[{"count":4,"href":"https:\/\/mytla.com\/fr\/wp-json\/wp\/v2\/pages\/252\/revisions"}],"predecessor-version":[{"id":287,"href":"https:\/\/mytla.com\/fr\/wp-json\/wp\/v2\/pages\/252\/revisions\/287"}],"up":[{"embeddable":true,"href":"https:\/\/mytla.com\/fr\/wp-json\/wp\/v2\/pages\/250"}],"wp:attachment":[{"href":"https:\/\/mytla.com\/fr\/wp-json\/wp\/v2\/media?parent=252"}],"curies":[{"name":"wp","href":"https:\/\/api.w.org\/{rel}","templated":true}]}}