{"id":251,"date":"2020-12-15T02:28:20","date_gmt":"2020-12-15T02:28:20","guid":{"rendered":"https:\/\/mytla.com\/?page_id=251"},"modified":"2020-12-15T21:25:40","modified_gmt":"2020-12-15T21:25:40","slug":"controler-les-couts","status":"publish","type":"page","link":"https:\/\/mytla.com\/fr\/expediteurs\/controler-les-couts\/","title":{"rendered":"Contr\u00f4ler les co\u00fbts"},"content":{"rendered":"\t\t<div data-elementor-type=\"wp-page\" data-elementor-id=\"251\" class=\"elementor elementor-251\">\n\t\t\t\t\t\t<section class=\"elementor-section elementor-top-section elementor-element elementor-element-86a76ab elementor-section-height-min-height elementor-section-boxed elementor-section-height-default elementor-section-items-middle\" data-id=\"86a76ab\" data-element_type=\"section\" data-settings=\"{&quot;jet_parallax_layout_list&quot;:[{&quot;jet_parallax_layout_image&quot;:{&quot;url&quot;:&quot;&quot;,&quot;id&quot;:&quot;&quot;,&quot;size&quot;:&quot;&quot;},&quot;_id&quot;:&quot;1ea04ab&quot;,&quot;jet_parallax_layout_image_tablet&quot;:{&quot;url&quot;:&quot;&quot;,&quot;id&quot;:&quot;&quot;,&quot;size&quot;:&quot;&quot;},&quot;jet_parallax_layout_image_mobile&quot;:{&quot;url&quot;:&quot;&quot;,&quot;id&quot;:&quot;&quot;,&quot;size&quot;:&quot;&quot;},&quot;jet_parallax_layout_speed&quot;:{&quot;unit&quot;:&quot;%&quot;,&quot;size&quot;:50,&quot;sizes&quot;:[]},&quot;jet_parallax_layout_type&quot;:&quot;scroll&quot;,&quot;jet_parallax_layout_direction&quot;:&quot;1&quot;,&quot;jet_parallax_layout_fx_direction&quot;:null,&quot;jet_parallax_layout_z_index&quot;:&quot;&quot;,&quot;jet_parallax_layout_bg_x&quot;:50,&quot;jet_parallax_layout_bg_x_tablet&quot;:&quot;&quot;,&quot;jet_parallax_layout_bg_x_mobile&quot;:&quot;&quot;,&quot;jet_parallax_layout_bg_y&quot;:50,&quot;jet_parallax_layout_bg_y_tablet&quot;:&quot;&quot;,&quot;jet_parallax_layout_bg_y_mobile&quot;:&quot;&quot;,&quot;jet_parallax_layout_bg_size&quot;:&quot;auto&quot;,&quot;jet_parallax_layout_bg_size_tablet&quot;:&quot;&quot;,&quot;jet_parallax_layout_bg_size_mobile&quot;:&quot;&quot;,&quot;jet_parallax_layout_animation_prop&quot;:&quot;transform&quot;,&quot;jet_parallax_layout_on&quot;:[&quot;desktop&quot;,&quot;tablet&quot;]}],&quot;background_background&quot;:&quot;classic&quot;}\">\n\t\t\t\t\t\t\t<div class=\"elementor-background-overlay\"><\/div>\n\t\t\t\t\t\t\t<div class=\"elementor-container elementor-column-gap-default\">\n\t\t\t\t\t<div class=\"elementor-column elementor-col-100 elementor-top-column elementor-element elementor-element-e27272f\" data-id=\"e27272f\" data-element_type=\"column\">\n\t\t\t<div class=\"elementor-widget-wrap elementor-element-populated\">\n\t\t\t\t\t\t<div class=\"elementor-element elementor-element-f0a2ca9 elementor-widget elementor-widget-text-editor\" data-id=\"f0a2ca9\" data-element_type=\"widget\" data-widget_type=\"text-editor.default\">\n\t\t\t\t<div class=\"elementor-widget-container\">\n\t\t\t\t\t\t\t\t\t<p>Contr\u00f4ler les co\u00fbts<\/p>\t\t\t\t\t\t\t\t<\/div>\n\t\t\t\t<\/div>\n\t\t\t\t\t<\/div>\n\t\t<\/div>\n\t\t\t\t\t<\/div>\n\t\t<\/section>\n\t\t\t\t<section class=\"elementor-section elementor-top-section elementor-element elementor-element-9dbbc26 elementor-section-boxed elementor-section-height-default elementor-section-height-default\" data-id=\"9dbbc26\" data-element_type=\"section\" data-settings=\"{&quot;jet_parallax_layout_list&quot;:[{&quot;jet_parallax_layout_image&quot;:{&quot;url&quot;:&quot;&quot;,&quot;id&quot;:&quot;&quot;,&quot;size&quot;:&quot;&quot;},&quot;_id&quot;:&quot;186aa4e&quot;,&quot;jet_parallax_layout_image_tablet&quot;:{&quot;url&quot;:&quot;&quot;,&quot;id&quot;:&quot;&quot;,&quot;size&quot;:&quot;&quot;},&quot;jet_parallax_layout_image_mobile&quot;:{&quot;url&quot;:&quot;&quot;,&quot;id&quot;:&quot;&quot;,&quot;size&quot;:&quot;&quot;},&quot;jet_parallax_layout_speed&quot;:{&quot;unit&quot;:&quot;%&quot;,&quot;size&quot;:50,&quot;sizes&quot;:[]},&quot;jet_parallax_layout_type&quot;:&quot;scroll&quot;,&quot;jet_parallax_layout_direction&quot;:&quot;1&quot;,&quot;jet_parallax_layout_fx_direction&quot;:null,&quot;jet_parallax_layout_z_index&quot;:&quot;&quot;,&quot;jet_parallax_layout_bg_x&quot;:50,&quot;jet_parallax_layout_bg_x_tablet&quot;:&quot;&quot;,&quot;jet_parallax_layout_bg_x_mobile&quot;:&quot;&quot;,&quot;jet_parallax_layout_bg_y&quot;:50,&quot;jet_parallax_layout_bg_y_tablet&quot;:&quot;&quot;,&quot;jet_parallax_layout_bg_y_mobile&quot;:&quot;&quot;,&quot;jet_parallax_layout_bg_size&quot;:&quot;auto&quot;,&quot;jet_parallax_layout_bg_size_tablet&quot;:&quot;&quot;,&quot;jet_parallax_layout_bg_size_mobile&quot;:&quot;&quot;,&quot;jet_parallax_layout_animation_prop&quot;:&quot;transform&quot;,&quot;jet_parallax_layout_on&quot;:[&quot;desktop&quot;,&quot;tablet&quot;]}]}\">\n\t\t\t\t\t\t<div class=\"elementor-container elementor-column-gap-default\">\n\t\t\t\t\t<div class=\"elementor-column elementor-col-100 elementor-top-column elementor-element elementor-element-dcdb4ab\" data-id=\"dcdb4ab\" data-element_type=\"column\">\n\t\t\t<div class=\"elementor-widget-wrap elementor-element-populated\">\n\t\t\t\t\t\t<div class=\"elementor-element elementor-element-76b9996 elementor-widget elementor-widget-text-editor\" data-id=\"76b9996\" data-element_type=\"widget\" data-widget_type=\"text-editor.default\">\n\t\t\t\t<div class=\"elementor-widget-container\">\n\t\t\t\t\t\t\t\t\t<h1>La cl\u00e9 est d\u2019\u00e9tablir les co\u00fbts logistiques et les niveaux de services <em>optimaux<\/em> pour votre entreprise en int\u00e9gration verticale.<\/h1>\t\t\t\t\t\t\t\t<\/div>\n\t\t\t\t<\/div>\n\t\t\t\t<div class=\"elementor-element elementor-element-972fb6b elementor-widget elementor-widget-text-editor\" data-id=\"972fb6b\" data-element_type=\"widget\" data-widget_type=\"text-editor.default\">\n\t\t\t\t<div class=\"elementor-widget-container\">\n\t\t\t\t\t\t\t\t\t<p><strong>Les frais d&rsquo;exp\u00e9dition sont contr\u00f4l\u00e9s gr\u00e2ce \u00e0 un d\u00e9ploiement efficace des donn\u00e9es, la technologie et \u00e0 travers une analyse co\u00fbts-avantages des services du march\u00e9 logistique.<\/strong><\/p><p>L&rsquo;exp\u00e9diteur moyen d\u00e9pense environ 5 \u00e0 10 % du co\u00fbt des marchandises vendues pour les services logistiques. Les d\u00e9taillants \u00e0 gros volume comme Costco ou Walmart pourraient \u00eatre en mesure de n\u00e9gocier pour le descendre jusqu&rsquo;\u00e0 3 %. Les exp\u00e9ditions de pi\u00e8ces d&rsquo;urgence vers des avions clou\u00e9s au sol ou des sites miniers pourraient co\u00fbter 1000 % du co\u00fbt des marchandises vendues. Les envois d\u2019articles de mode saisonni\u00e8re peuvent devoir \u00eatre exp\u00e9di\u00e9s en utilisant des services de fret a\u00e9rien co\u00fbteux, tandis que les transferts de stock non urgents peuvent \u00eatre exp\u00e9di\u00e9s en utilisant des services intermodaux (train et camion) peu co\u00fbteux.<\/p><p>Avions, trains, bateaux et camions font des allers-retours perp\u00e9tuels et leur espace et capacit\u00e9 sont continuellement achet\u00e9s et vendus selon la loi de l&rsquo;offre et de la demande. Les demandes de prix peuvent offrir un bon aper\u00e7u, mais les frais accessoires, les augmentations g\u00e9n\u00e9rales des tarifs, les suppl\u00e9ments de carburant et les erreurs de facturation peuvent confondre m\u00eame les meilleures estimations. Des outils et des processus sont donc n\u00e9cessaires pour mesurer et analyser les d\u00e9penses r\u00e9elles en continue.<\/p><p>\u00a0<\/p><p>Vous ne pouvez pas g\u00e9rer ce que vous ne pouvez mesurer.\u00a0 La petite ou moyenne entreprise a besoin d&rsquo;un contr\u00f4le et d&rsquo;une gestion constants de ses prix au d\u00e9barquement. En travaillant avec un transitaire, un courtier ou une entreprise de logistique tierce (3PL), la PME b\u00e9n\u00e9ficiera g\u00e9n\u00e9ralement d&rsquo;une expertise externe et de remises sur volume plus importantes que celles qu&rsquo;elle pourrait obtenir avec son seul volume.<\/p><p>Afin de contr\u00f4ler les co\u00fbts et automatiser vos processus logistiques, les entreprises de services logistiques modernes d\u00e9veloppent, personnalisent et investissent dans toutes sortes de technologies innovantes. Certains de ces outils cl\u00e9s en main et bas\u00e9s sur le web sont propos\u00e9s \u00e0 peu de frais, voire gratuitement. Ils viennent avec une formation et une personnalisation. Ils peuvent souvent \u00eatre int\u00e9gr\u00e9s au syst\u00e8me PGI d&rsquo;un exp\u00e9diteur ou \u00e0 d&rsquo;autres syst\u00e8mes. L&rsquo;\u00e9vitement permanent des co\u00fbts de d\u00e9veloppement informatique pour votre entreprise peut \u00eatre consid\u00e9rable.\u00a0 Ces outils sont charg\u00e9s de connaissances et de savoir-faire de l\u2019industrie de sorte que vous n&rsquo;ayez pas \u00e0 r\u00e9inventer la roue avec votre propre \u00e9quipe informatique.<\/p><p>La tarification de la logistique est d\u00e9termin\u00e9e par les donn\u00e9es : taille, dimension, poids, origine, destination, fr\u00e9quence et volume. Commencez d\u00e8s aujourd&rsquo;hui \u00e0 mettre au point un processus qui vous permettra de recueillir ces donn\u00e9es \u00e0 partir de votre PGI, de feuilles de calcul ou des rapports historiques sur les volumes. Votre fournisseur de services logistiques peut vous fournir des informations pr\u00e9cieuses sur vos prix au d\u00e9barquement. Toutefois, sans les d\u00e9tails, tout cela est th\u00e9orique.<\/p>\t\t\t\t\t\t\t\t<\/div>\n\t\t\t\t<\/div>\n\t\t\t\t\t<\/div>\n\t\t<\/div>\n\t\t\t\t\t<\/div>\n\t\t<\/section>\n\t\t\t\t<section class=\"elementor-section elementor-top-section elementor-element elementor-element-3d4942d elementor-section-boxed elementor-section-height-default elementor-section-height-default\" data-id=\"3d4942d\" data-element_type=\"section\" data-settings=\"{&quot;jet_parallax_layout_list&quot;:[{&quot;jet_parallax_layout_image&quot;:{&quot;url&quot;:&quot;&quot;,&quot;id&quot;:&quot;&quot;,&quot;size&quot;:&quot;&quot;},&quot;_id&quot;:&quot;186aa4e&quot;,&quot;jet_parallax_layout_image_tablet&quot;:{&quot;url&quot;:&quot;&quot;,&quot;id&quot;:&quot;&quot;,&quot;size&quot;:&quot;&quot;},&quot;jet_parallax_layout_image_mobile&quot;:{&quot;url&quot;:&quot;&quot;,&quot;id&quot;:&quot;&quot;,&quot;size&quot;:&quot;&quot;},&quot;jet_parallax_layout_speed&quot;:{&quot;unit&quot;:&quot;%&quot;,&quot;size&quot;:50,&quot;sizes&quot;:[]},&quot;jet_parallax_layout_type&quot;:&quot;scroll&quot;,&quot;jet_parallax_layout_direction&quot;:&quot;1&quot;,&quot;jet_parallax_layout_fx_direction&quot;:null,&quot;jet_parallax_layout_z_index&quot;:&quot;&quot;,&quot;jet_parallax_layout_bg_x&quot;:50,&quot;jet_parallax_layout_bg_x_tablet&quot;:&quot;&quot;,&quot;jet_parallax_layout_bg_x_mobile&quot;:&quot;&quot;,&quot;jet_parallax_layout_bg_y&quot;:50,&quot;jet_parallax_layout_bg_y_tablet&quot;:&quot;&quot;,&quot;jet_parallax_layout_bg_y_mobile&quot;:&quot;&quot;,&quot;jet_parallax_layout_bg_size&quot;:&quot;auto&quot;,&quot;jet_parallax_layout_bg_size_tablet&quot;:&quot;&quot;,&quot;jet_parallax_layout_bg_size_mobile&quot;:&quot;&quot;,&quot;jet_parallax_layout_animation_prop&quot;:&quot;transform&quot;,&quot;jet_parallax_layout_on&quot;:[&quot;desktop&quot;,&quot;tablet&quot;]}],&quot;background_background&quot;:&quot;classic&quot;}\">\n\t\t\t\t\t\t<div class=\"elementor-container elementor-column-gap-default\">\n\t\t\t\t\t<div class=\"elementor-column elementor-col-100 elementor-top-column elementor-element elementor-element-1dbd11b\" data-id=\"1dbd11b\" data-element_type=\"column\">\n\t\t\t<div class=\"elementor-widget-wrap elementor-element-populated\">\n\t\t\t\t\t\t<div class=\"elementor-element elementor-element-084be19 elementor-widget elementor-widget-text-editor\" data-id=\"084be19\" data-element_type=\"widget\" data-widget_type=\"text-editor.default\">\n\t\t\t\t<div class=\"elementor-widget-container\">\n\t\t\t\t\t\t\t\t\t<p>Les co\u00fbts de transaction peuvent toujours \u00eatre n\u00e9goci\u00e9s en fonction de l&rsquo;offre et de la demande de services logistiques. Toutefois, MonATL fournit \u00e0 votre entreprise les outils, les processus et les partenaires n\u00e9cessaires pour trouver un \u00e9quilibre pr\u00e9cieux entre le co\u00fbt et le niveau de service de chaque exp\u00e9dition. L&rsquo;objectif ultime est de <em>ravir<\/em> et <em>satisfaire<\/em> votre client en lui offrant un niveau de service et un prix au d\u00e9barquement exceptionnel.<\/p>\t\t\t\t\t\t\t\t<\/div>\n\t\t\t\t<\/div>\n\t\t\t\t\t<\/div>\n\t\t<\/div>\n\t\t\t\t\t<\/div>\n\t\t<\/section>\n\t\t\t\t<section class=\"elementor-section elementor-top-section elementor-element elementor-element-0e79595 elementor-section-boxed elementor-section-height-default elementor-section-height-default\" data-id=\"0e79595\" data-element_type=\"section\" data-settings=\"{&quot;jet_parallax_layout_list&quot;:[{&quot;jet_parallax_layout_image&quot;:{&quot;url&quot;:&quot;&quot;,&quot;id&quot;:&quot;&quot;,&quot;size&quot;:&quot;&quot;},&quot;_id&quot;:&quot;def649c&quot;,&quot;jet_parallax_layout_image_tablet&quot;:{&quot;url&quot;:&quot;&quot;,&quot;id&quot;:&quot;&quot;,&quot;size&quot;:&quot;&quot;},&quot;jet_parallax_layout_image_mobile&quot;:{&quot;url&quot;:&quot;&quot;,&quot;id&quot;:&quot;&quot;,&quot;size&quot;:&quot;&quot;},&quot;jet_parallax_layout_speed&quot;:{&quot;unit&quot;:&quot;%&quot;,&quot;size&quot;:50,&quot;sizes&quot;:[]},&quot;jet_parallax_layout_type&quot;:&quot;scroll&quot;,&quot;jet_parallax_layout_direction&quot;:&quot;1&quot;,&quot;jet_parallax_layout_fx_direction&quot;:null,&quot;jet_parallax_layout_z_index&quot;:&quot;&quot;,&quot;jet_parallax_layout_bg_x&quot;:50,&quot;jet_parallax_layout_bg_x_tablet&quot;:&quot;&quot;,&quot;jet_parallax_layout_bg_x_mobile&quot;:&quot;&quot;,&quot;jet_parallax_layout_bg_y&quot;:50,&quot;jet_parallax_layout_bg_y_tablet&quot;:&quot;&quot;,&quot;jet_parallax_layout_bg_y_mobile&quot;:&quot;&quot;,&quot;jet_parallax_layout_bg_size&quot;:&quot;auto&quot;,&quot;jet_parallax_layout_bg_size_tablet&quot;:&quot;&quot;,&quot;jet_parallax_layout_bg_size_mobile&quot;:&quot;&quot;,&quot;jet_parallax_layout_animation_prop&quot;:&quot;transform&quot;,&quot;jet_parallax_layout_on&quot;:[&quot;desktop&quot;,&quot;tablet&quot;]}],&quot;background_background&quot;:&quot;classic&quot;}\">\n\t\t\t\t\t\t<div class=\"elementor-container elementor-column-gap-default\">\n\t\t\t\t\t<div class=\"elementor-column elementor-col-100 elementor-top-column elementor-element elementor-element-4d9a6ce\" data-id=\"4d9a6ce\" data-element_type=\"column\">\n\t\t\t<div class=\"elementor-widget-wrap elementor-element-populated\">\n\t\t\t\t\t\t<div class=\"elementor-element elementor-element-f952377 elementor-widget elementor-widget-text-editor\" data-id=\"f952377\" data-element_type=\"widget\" data-widget_type=\"text-editor.default\">\n\t\t\t\t<div class=\"elementor-widget-container\">\n\t\t\t\t\t\t\t\t\t<h2>MARCH\u00c9 DE LA LOGISTIQUE VIRTUELLE MonATL<\/h2><p>Entrez dans le march\u00e9 de la logistique virtuelle MonATL pour une consultation gratuite de 30 minutes avec un de nos agents.<\/p>\t\t\t\t\t\t\t\t<\/div>\n\t\t\t\t<\/div>\n\t\t\t\t<div class=\"elementor-element elementor-element-1c744d5 elementor-align-center elementor-widget elementor-widget-raven-button\" data-id=\"1c744d5\" data-element_type=\"widget\" data-settings=\"{&quot;turn_to_popup_action_button&quot;:&quot;no&quot;}\" data-widget_type=\"raven-button.default\">\n\t\t\t\t<div class=\"elementor-widget-container\">\n\t\t\t\t\t\t\t<div class=\"raven-widget-wrapper\">\n\t\t\t<a class=\"raven-button raven-button-widget-normal-effect-none  raven-button-text-align-center raven-button-link elementor-animation-none\" href=\"https:\/\/mytla.com\/fr\/contactez-nous\/\">\t\t\t\t<div class=\"raven-button-overlay\" ><\/div>\n\t\t\t\t<span class=\"raven-button-content\">\n\t\t\t\t\t\n\t\t\t\t\t<div class=\"button-text-container\">\n\t\t\t\t\t\t\t\t\t\t\t\t<div class=\"raven-button-texts-wrapper\">\n\t\t\t\t\t\t\t<div class=\"button-text\">\n\t\t\t\t\t\t\t\t<span class=\"raven-button-text\">\n\t\t\t\t\t\t\t\t\tNOUS CONTACTER\t\t\t\t\t\t\t\t<\/span>\n\t\t\t\t\t\t\t<\/div>\n\t\t\t\t\t\t\t\t\t\t\t\t\t<\/div>\n\t\t\t\t\t\t\t\t\t\t\t<\/div>\n\t\t\t\t\t\n\t\t\t\t\t\t\t\t\t<\/span>\n\t\t\t<\/a>\t\t<\/div>\n\t\t\t\t\t\t<\/div>\n\t\t\t\t<\/div>\n\t\t\t\t\t<\/div>\n\t\t<\/div>\n\t\t\t\t\t<\/div>\n\t\t<\/section>\n\t\t\t\t<\/div>\n\t\t","protected":false},"excerpt":{"rendered":"<p>Contr\u00f4ler les co\u00fbts La cl\u00e9 est d\u2019\u00e9tablir les co\u00fbts logistiques et les niveaux de services optimaux pour votre entreprise en int\u00e9gration verticale. Les frais d&rsquo;exp\u00e9dition sont contr\u00f4l\u00e9s gr\u00e2ce \u00e0 un d\u00e9ploiement efficace des donn\u00e9es, la technologie et \u00e0 travers une analyse co\u00fbts-avantages des services du march\u00e9 logistique. L&rsquo;exp\u00e9diteur moyen d\u00e9pense environ 5 \u00e0 10 % [&hellip;]<\/p>\n","protected":false},"author":1,"featured_media":0,"parent":250,"menu_order":0,"comment_status":"closed","ping_status":"open","template":"elementor_header_footer","meta":{"_acf_changed":false,"footnotes":""},"class_list":["post-251","page","type-page","status-publish","hentry"],"acf":[],"yoast_head":"<!-- This site is optimized with the Yoast SEO plugin v26.4 - https:\/\/yoast.com\/wordpress\/plugins\/seo\/ -->\n<title>Contr\u00f4ler les co\u00fbts - MyTLA<\/title>\n<meta name=\"description\" content=\"La cl\u00e9 est d\u2019\u00e9tablir les co\u00fbts logistiques et les niveaux de services optimaux pour votre entreprise en int\u00e9gration verticale.\" \/>\n<meta name=\"robots\" content=\"index, follow, max-snippet:-1, max-image-preview:large, max-video-preview:-1\" \/>\n<link rel=\"canonical\" href=\"https:\/\/mytla.com\/fr\/shippers\/control-costs\/\" \/>\n<meta property=\"og:locale\" content=\"fr_FR\" \/>\n<meta property=\"og:type\" content=\"article\" \/>\n<meta property=\"og:title\" content=\"Contr\u00f4ler les co\u00fbts - MyTLA\" \/>\n<meta property=\"og:description\" content=\"La cl\u00e9 est d\u2019\u00e9tablir les co\u00fbts logistiques et les niveaux de services optimaux pour votre entreprise en int\u00e9gration verticale.\" \/>\n<meta property=\"og:url\" content=\"https:\/\/mytla.com\/shippers\/control-costs\/\" \/>\n<meta property=\"og:site_name\" content=\"MyTLA\" \/>\n<meta property=\"article:modified_time\" content=\"2020-12-15T21:25:40+00:00\" \/>\n<meta name=\"twitter:card\" content=\"summary_large_image\" \/>\n<script type=\"application\/ld+json\" class=\"yoast-schema-graph\">{\"@context\":\"https:\/\/schema.org\",\"@graph\":[{\"@type\":\"WebPage\",\"@id\":\"https:\/\/mytla.com\/shippers\/control-costs\/\",\"url\":\"https:\/\/mytla.com\/shippers\/control-costs\/\",\"name\":\"Contr\u00f4ler les co\u00fbts - MyTLA\",\"isPartOf\":{\"@id\":\"https:\/\/mytla.com\/#website\"},\"datePublished\":\"2020-12-15T02:28:20+00:00\",\"dateModified\":\"2020-12-15T21:25:40+00:00\",\"description\":\"La cl\u00e9 est d\u2019\u00e9tablir les co\u00fbts logistiques et les niveaux de services optimaux pour votre entreprise en int\u00e9gration verticale.\",\"breadcrumb\":{\"@id\":\"https:\/\/mytla.com\/shippers\/control-costs\/#breadcrumb\"},\"inLanguage\":\"fr-FR\",\"potentialAction\":[{\"@type\":\"ReadAction\",\"target\":[\"https:\/\/mytla.com\/shippers\/control-costs\/\"]}]},{\"@type\":\"BreadcrumbList\",\"@id\":\"https:\/\/mytla.com\/shippers\/control-costs\/#breadcrumb\",\"itemListElement\":[{\"@type\":\"ListItem\",\"position\":1,\"name\":\"Home\",\"item\":\"https:\/\/mytla.com\/\"},{\"@type\":\"ListItem\",\"position\":2,\"name\":\"Exp\u00e9diteurs\",\"item\":\"https:\/\/mytla.com\/shippers\/\"},{\"@type\":\"ListItem\",\"position\":3,\"name\":\"Contr\u00f4ler les co\u00fbts\"}]},{\"@type\":\"WebSite\",\"@id\":\"https:\/\/mytla.com\/#website\",\"url\":\"https:\/\/mytla.com\/\",\"name\":\"MyTLA - Transportation & Logistics Agency\",\"description\":\"Transportation &amp; Logistics Agency\",\"publisher\":{\"@id\":\"https:\/\/mytla.com\/#organization\"},\"potentialAction\":[{\"@type\":\"SearchAction\",\"target\":{\"@type\":\"EntryPoint\",\"urlTemplate\":\"https:\/\/mytla.com\/?s={search_term_string}\"},\"query-input\":{\"@type\":\"PropertyValueSpecification\",\"valueRequired\":true,\"valueName\":\"search_term_string\"}}],\"inLanguage\":\"fr-FR\"},{\"@type\":\"Organization\",\"@id\":\"https:\/\/mytla.com\/#organization\",\"name\":\"MyTLA\",\"url\":\"https:\/\/mytla.com\/\",\"logo\":{\"@type\":\"ImageObject\",\"inLanguage\":\"fr-FR\",\"@id\":\"https:\/\/mytla.com\/#\/schema\/logo\/image\/\",\"url\":\"https:\/\/mytla.com\/wp-content\/uploads\/2020\/10\/logo.png\",\"contentUrl\":\"https:\/\/mytla.com\/wp-content\/uploads\/2020\/10\/logo.png\",\"width\":421,\"height\":156,\"caption\":\"MyTLA\"},\"image\":{\"@id\":\"https:\/\/mytla.com\/#\/schema\/logo\/image\/\"}}]}<\/script>\n<!-- \/ Yoast SEO plugin. -->","yoast_head_json":{"title":"Contr\u00f4ler les co\u00fbts - MyTLA","description":"La cl\u00e9 est d\u2019\u00e9tablir les co\u00fbts logistiques et les niveaux de services optimaux pour votre entreprise en int\u00e9gration verticale.","robots":{"index":"index","follow":"follow","max-snippet":"max-snippet:-1","max-image-preview":"max-image-preview:large","max-video-preview":"max-video-preview:-1"},"canonical":"https:\/\/mytla.com\/fr\/shippers\/control-costs\/","og_locale":"fr_FR","og_type":"article","og_title":"Contr\u00f4ler les co\u00fbts - MyTLA","og_description":"La cl\u00e9 est d\u2019\u00e9tablir les co\u00fbts logistiques et les niveaux de services optimaux pour votre entreprise en int\u00e9gration verticale.","og_url":"https:\/\/mytla.com\/shippers\/control-costs\/","og_site_name":"MyTLA","article_modified_time":"2020-12-15T21:25:40+00:00","twitter_card":"summary_large_image","schema":{"@context":"https:\/\/schema.org","@graph":[{"@type":"WebPage","@id":"https:\/\/mytla.com\/shippers\/control-costs\/","url":"https:\/\/mytla.com\/shippers\/control-costs\/","name":"Contr\u00f4ler les co\u00fbts - MyTLA","isPartOf":{"@id":"https:\/\/mytla.com\/#website"},"datePublished":"2020-12-15T02:28:20+00:00","dateModified":"2020-12-15T21:25:40+00:00","description":"La cl\u00e9 est d\u2019\u00e9tablir les co\u00fbts logistiques et les niveaux de services optimaux pour votre entreprise en int\u00e9gration verticale.","breadcrumb":{"@id":"https:\/\/mytla.com\/shippers\/control-costs\/#breadcrumb"},"inLanguage":"fr-FR","potentialAction":[{"@type":"ReadAction","target":["https:\/\/mytla.com\/shippers\/control-costs\/"]}]},{"@type":"BreadcrumbList","@id":"https:\/\/mytla.com\/shippers\/control-costs\/#breadcrumb","itemListElement":[{"@type":"ListItem","position":1,"name":"Home","item":"https:\/\/mytla.com\/"},{"@type":"ListItem","position":2,"name":"Exp\u00e9diteurs","item":"https:\/\/mytla.com\/shippers\/"},{"@type":"ListItem","position":3,"name":"Contr\u00f4ler les co\u00fbts"}]},{"@type":"WebSite","@id":"https:\/\/mytla.com\/#website","url":"https:\/\/mytla.com\/","name":"MyTLA - Transportation & Logistics Agency","description":"Transportation &amp; Logistics Agency","publisher":{"@id":"https:\/\/mytla.com\/#organization"},"potentialAction":[{"@type":"SearchAction","target":{"@type":"EntryPoint","urlTemplate":"https:\/\/mytla.com\/?s={search_term_string}"},"query-input":{"@type":"PropertyValueSpecification","valueRequired":true,"valueName":"search_term_string"}}],"inLanguage":"fr-FR"},{"@type":"Organization","@id":"https:\/\/mytla.com\/#organization","name":"MyTLA","url":"https:\/\/mytla.com\/","logo":{"@type":"ImageObject","inLanguage":"fr-FR","@id":"https:\/\/mytla.com\/#\/schema\/logo\/image\/","url":"https:\/\/mytla.com\/wp-content\/uploads\/2020\/10\/logo.png","contentUrl":"https:\/\/mytla.com\/wp-content\/uploads\/2020\/10\/logo.png","width":421,"height":156,"caption":"MyTLA"},"image":{"@id":"https:\/\/mytla.com\/#\/schema\/logo\/image\/"}}]}},"_links":{"self":[{"href":"https:\/\/mytla.com\/fr\/wp-json\/wp\/v2\/pages\/251","targetHints":{"allow":["GET"]}}],"collection":[{"href":"https:\/\/mytla.com\/fr\/wp-json\/wp\/v2\/pages"}],"about":[{"href":"https:\/\/mytla.com\/fr\/wp-json\/wp\/v2\/types\/page"}],"author":[{"embeddable":true,"href":"https:\/\/mytla.com\/fr\/wp-json\/wp\/v2\/users\/1"}],"replies":[{"embeddable":true,"href":"https:\/\/mytla.com\/fr\/wp-json\/wp\/v2\/comments?post=251"}],"version-history":[{"count":13,"href":"https:\/\/mytla.com\/fr\/wp-json\/wp\/v2\/pages\/251\/revisions"}],"predecessor-version":[{"id":278,"href":"https:\/\/mytla.com\/fr\/wp-json\/wp\/v2\/pages\/251\/revisions\/278"}],"up":[{"embeddable":true,"href":"https:\/\/mytla.com\/fr\/wp-json\/wp\/v2\/pages\/250"}],"wp:attachment":[{"href":"https:\/\/mytla.com\/fr\/wp-json\/wp\/v2\/media?parent=251"}],"curies":[{"name":"wp","href":"https:\/\/api.w.org\/{rel}","templated":true}]}}