{"id":249,"date":"2020-12-15T02:28:05","date_gmt":"2020-12-15T02:28:05","guid":{"rendered":"https:\/\/mytla.com\/?page_id=249"},"modified":"2020-12-15T21:29:37","modified_gmt":"2020-12-15T21:29:37","slug":"cout","status":"publish","type":"page","link":"https:\/\/mytla.com\/fr\/les-fournisseurs-de-services-logistiques\/cout\/","title":{"rendered":"Co\u00fbt"},"content":{"rendered":"\t\t<div data-elementor-type=\"wp-page\" data-elementor-id=\"249\" class=\"elementor elementor-249\">\n\t\t\t\t\t\t<section class=\"elementor-section elementor-top-section elementor-element elementor-element-86a76ab elementor-section-height-min-height elementor-section-boxed elementor-section-height-default elementor-section-items-middle\" data-id=\"86a76ab\" data-element_type=\"section\" data-settings=\"{&quot;jet_parallax_layout_list&quot;:[{&quot;jet_parallax_layout_image&quot;:{&quot;url&quot;:&quot;&quot;,&quot;id&quot;:&quot;&quot;,&quot;size&quot;:&quot;&quot;},&quot;_id&quot;:&quot;1ea04ab&quot;,&quot;jet_parallax_layout_image_tablet&quot;:{&quot;url&quot;:&quot;&quot;,&quot;id&quot;:&quot;&quot;,&quot;size&quot;:&quot;&quot;},&quot;jet_parallax_layout_image_mobile&quot;:{&quot;url&quot;:&quot;&quot;,&quot;id&quot;:&quot;&quot;,&quot;size&quot;:&quot;&quot;},&quot;jet_parallax_layout_speed&quot;:{&quot;unit&quot;:&quot;%&quot;,&quot;size&quot;:50,&quot;sizes&quot;:[]},&quot;jet_parallax_layout_type&quot;:&quot;scroll&quot;,&quot;jet_parallax_layout_direction&quot;:&quot;1&quot;,&quot;jet_parallax_layout_fx_direction&quot;:null,&quot;jet_parallax_layout_z_index&quot;:&quot;&quot;,&quot;jet_parallax_layout_bg_x&quot;:50,&quot;jet_parallax_layout_bg_x_tablet&quot;:&quot;&quot;,&quot;jet_parallax_layout_bg_x_mobile&quot;:&quot;&quot;,&quot;jet_parallax_layout_bg_y&quot;:50,&quot;jet_parallax_layout_bg_y_tablet&quot;:&quot;&quot;,&quot;jet_parallax_layout_bg_y_mobile&quot;:&quot;&quot;,&quot;jet_parallax_layout_bg_size&quot;:&quot;auto&quot;,&quot;jet_parallax_layout_bg_size_tablet&quot;:&quot;&quot;,&quot;jet_parallax_layout_bg_size_mobile&quot;:&quot;&quot;,&quot;jet_parallax_layout_animation_prop&quot;:&quot;transform&quot;,&quot;jet_parallax_layout_on&quot;:[&quot;desktop&quot;,&quot;tablet&quot;]}],&quot;background_background&quot;:&quot;classic&quot;}\">\n\t\t\t\t\t\t\t<div class=\"elementor-background-overlay\"><\/div>\n\t\t\t\t\t\t\t<div class=\"elementor-container elementor-column-gap-default\">\n\t\t\t\t\t<div class=\"elementor-column elementor-col-100 elementor-top-column elementor-element elementor-element-e27272f\" data-id=\"e27272f\" data-element_type=\"column\">\n\t\t\t<div class=\"elementor-widget-wrap elementor-element-populated\">\n\t\t\t\t\t\t<div class=\"elementor-element elementor-element-f0a2ca9 elementor-widget elementor-widget-text-editor\" data-id=\"f0a2ca9\" data-element_type=\"widget\" data-widget_type=\"text-editor.default\">\n\t\t\t\t<div class=\"elementor-widget-container\">\n\t\t\t\t\t\t\t\t\tCo\u00fbt\t\t\t\t\t\t\t\t<\/div>\n\t\t\t\t<\/div>\n\t\t\t\t\t<\/div>\n\t\t<\/div>\n\t\t\t\t\t<\/div>\n\t\t<\/section>\n\t\t\t\t<section class=\"elementor-section elementor-top-section elementor-element elementor-element-9dbbc26 elementor-section-boxed elementor-section-height-default elementor-section-height-default\" data-id=\"9dbbc26\" data-element_type=\"section\" data-settings=\"{&quot;jet_parallax_layout_list&quot;:[{&quot;jet_parallax_layout_image&quot;:{&quot;url&quot;:&quot;&quot;,&quot;id&quot;:&quot;&quot;,&quot;size&quot;:&quot;&quot;},&quot;_id&quot;:&quot;186aa4e&quot;,&quot;jet_parallax_layout_image_tablet&quot;:{&quot;url&quot;:&quot;&quot;,&quot;id&quot;:&quot;&quot;,&quot;size&quot;:&quot;&quot;},&quot;jet_parallax_layout_image_mobile&quot;:{&quot;url&quot;:&quot;&quot;,&quot;id&quot;:&quot;&quot;,&quot;size&quot;:&quot;&quot;},&quot;jet_parallax_layout_speed&quot;:{&quot;unit&quot;:&quot;%&quot;,&quot;size&quot;:50,&quot;sizes&quot;:[]},&quot;jet_parallax_layout_type&quot;:&quot;scroll&quot;,&quot;jet_parallax_layout_direction&quot;:&quot;1&quot;,&quot;jet_parallax_layout_fx_direction&quot;:null,&quot;jet_parallax_layout_z_index&quot;:&quot;&quot;,&quot;jet_parallax_layout_bg_x&quot;:50,&quot;jet_parallax_layout_bg_x_tablet&quot;:&quot;&quot;,&quot;jet_parallax_layout_bg_x_mobile&quot;:&quot;&quot;,&quot;jet_parallax_layout_bg_y&quot;:50,&quot;jet_parallax_layout_bg_y_tablet&quot;:&quot;&quot;,&quot;jet_parallax_layout_bg_y_mobile&quot;:&quot;&quot;,&quot;jet_parallax_layout_bg_size&quot;:&quot;auto&quot;,&quot;jet_parallax_layout_bg_size_tablet&quot;:&quot;&quot;,&quot;jet_parallax_layout_bg_size_mobile&quot;:&quot;&quot;,&quot;jet_parallax_layout_animation_prop&quot;:&quot;transform&quot;,&quot;jet_parallax_layout_on&quot;:[&quot;desktop&quot;,&quot;tablet&quot;]}]}\">\n\t\t\t\t\t\t<div class=\"elementor-container elementor-column-gap-default\">\n\t\t\t\t\t<div class=\"elementor-column elementor-col-100 elementor-top-column elementor-element elementor-element-dcdb4ab\" data-id=\"dcdb4ab\" data-element_type=\"column\">\n\t\t\t<div class=\"elementor-widget-wrap elementor-element-populated\">\n\t\t\t\t\t\t<div class=\"elementor-element elementor-element-76b9996 elementor-widget elementor-widget-text-editor\" data-id=\"76b9996\" data-element_type=\"widget\" data-widget_type=\"text-editor.default\">\n\t\t\t\t<div class=\"elementor-widget-container\">\n\t\t\t\t\t\t\t\t\t<h1>Entre l\u2019offre, la demande de services sp\u00e9cialis\u00e9s et la capacit\u00e9 de transport, il existe un co\u00fbt \u00e9quitable et \u00e9quilibr\u00e9. Un co\u00fbt optimal pour un b\u00e9n\u00e9fice et une rentabilit\u00e9 mutuels.<\/h1>\t\t\t\t\t\t\t\t<\/div>\n\t\t\t\t<\/div>\n\t\t\t\t<div class=\"elementor-element elementor-element-972fb6b elementor-widget elementor-widget-text-editor\" data-id=\"972fb6b\" data-element_type=\"widget\" data-widget_type=\"text-editor.default\">\n\t\t\t\t<div class=\"elementor-widget-container\">\n\t\t\t\t\t\t\t\t\t<p>En tant qu&rsquo;entreprise de logistique, vous fournissez un service et une expertise inestimables. Toutefois, les co\u00fbts du march\u00e9 \u00e9tant fluctuants et instables, comment savoir si vos prix sont comp\u00e9titifs et si vous avez une chance \u00e9quitable de r\u00e9ussir sur le march\u00e9?<\/p><p>Tout se r\u00e9sume \u00e0 des donn\u00e9es et \u00e0 une analyse co\u00fbts\/avantages en utilisant des comparables. Avec une description pr\u00e9cise du champ d\u2019activit\u00e9 et les informations permettant une \u00e9valuation des besoins, la valeur de votre proposition \u00e0 votre client est clairement d\u00e9finie permettant ainsi un meilleur contr\u00f4le sur votre rentabilit\u00e9.<\/p><p>MonATL facilite la n\u00e9gociation en qualifiant au pr\u00e9alable les clients potentiels et en rassemblant les donn\u00e9es et sp\u00e9cifications n\u00e9cessaires. Elle guide les exp\u00e9diteurs dans des n\u00e9gociations \u00e9quitables et \u00e9quilibr\u00e9es avec les fournisseurs de services logistiques.<\/p>\t\t\t\t\t\t\t\t<\/div>\n\t\t\t\t<\/div>\n\t\t\t\t\t<\/div>\n\t\t<\/div>\n\t\t\t\t\t<\/div>\n\t\t<\/section>\n\t\t\t\t<section class=\"elementor-section elementor-top-section elementor-element elementor-element-3d4942d elementor-section-boxed elementor-section-height-default elementor-section-height-default\" data-id=\"3d4942d\" data-element_type=\"section\" data-settings=\"{&quot;jet_parallax_layout_list&quot;:[{&quot;jet_parallax_layout_image&quot;:{&quot;url&quot;:&quot;&quot;,&quot;id&quot;:&quot;&quot;,&quot;size&quot;:&quot;&quot;},&quot;_id&quot;:&quot;186aa4e&quot;,&quot;jet_parallax_layout_image_tablet&quot;:{&quot;url&quot;:&quot;&quot;,&quot;id&quot;:&quot;&quot;,&quot;size&quot;:&quot;&quot;},&quot;jet_parallax_layout_image_mobile&quot;:{&quot;url&quot;:&quot;&quot;,&quot;id&quot;:&quot;&quot;,&quot;size&quot;:&quot;&quot;},&quot;jet_parallax_layout_speed&quot;:{&quot;unit&quot;:&quot;%&quot;,&quot;size&quot;:50,&quot;sizes&quot;:[]},&quot;jet_parallax_layout_type&quot;:&quot;scroll&quot;,&quot;jet_parallax_layout_direction&quot;:&quot;1&quot;,&quot;jet_parallax_layout_fx_direction&quot;:null,&quot;jet_parallax_layout_z_index&quot;:&quot;&quot;,&quot;jet_parallax_layout_bg_x&quot;:50,&quot;jet_parallax_layout_bg_x_tablet&quot;:&quot;&quot;,&quot;jet_parallax_layout_bg_x_mobile&quot;:&quot;&quot;,&quot;jet_parallax_layout_bg_y&quot;:50,&quot;jet_parallax_layout_bg_y_tablet&quot;:&quot;&quot;,&quot;jet_parallax_layout_bg_y_mobile&quot;:&quot;&quot;,&quot;jet_parallax_layout_bg_size&quot;:&quot;auto&quot;,&quot;jet_parallax_layout_bg_size_tablet&quot;:&quot;&quot;,&quot;jet_parallax_layout_bg_size_mobile&quot;:&quot;&quot;,&quot;jet_parallax_layout_animation_prop&quot;:&quot;transform&quot;,&quot;jet_parallax_layout_on&quot;:[&quot;desktop&quot;,&quot;tablet&quot;]}],&quot;background_background&quot;:&quot;classic&quot;}\">\n\t\t\t\t\t\t<div class=\"elementor-container elementor-column-gap-default\">\n\t\t\t\t\t<div class=\"elementor-column elementor-col-100 elementor-top-column elementor-element elementor-element-1dbd11b\" data-id=\"1dbd11b\" data-element_type=\"column\">\n\t\t\t<div class=\"elementor-widget-wrap elementor-element-populated\">\n\t\t\t\t\t\t<div class=\"elementor-element elementor-element-084be19 elementor-widget elementor-widget-text-editor\" data-id=\"084be19\" data-element_type=\"widget\" data-widget_type=\"text-editor.default\">\n\t\t\t\t<div class=\"elementor-widget-container\">\n\t\t\t\t\t\t\t\t\t<p>Les objectifs sont d&rsquo;entretenir un partenariat \u00e0 long terme et de payer un prix \u00e9quitable pour la valeur ajout\u00e9e de sp\u00e9cialisation qu\u2019offre le fournisseur de services logistiques.<\/p>\t\t\t\t\t\t\t\t<\/div>\n\t\t\t\t<\/div>\n\t\t\t\t\t<\/div>\n\t\t<\/div>\n\t\t\t\t\t<\/div>\n\t\t<\/section>\n\t\t\t\t<section class=\"elementor-section elementor-top-section elementor-element elementor-element-ad85702 elementor-section-boxed elementor-section-height-default elementor-section-height-default\" data-id=\"ad85702\" data-element_type=\"section\" data-settings=\"{&quot;jet_parallax_layout_list&quot;:[{&quot;jet_parallax_layout_image&quot;:{&quot;url&quot;:&quot;&quot;,&quot;id&quot;:&quot;&quot;,&quot;size&quot;:&quot;&quot;},&quot;_id&quot;:&quot;def649c&quot;,&quot;jet_parallax_layout_image_tablet&quot;:{&quot;url&quot;:&quot;&quot;,&quot;id&quot;:&quot;&quot;,&quot;size&quot;:&quot;&quot;},&quot;jet_parallax_layout_image_mobile&quot;:{&quot;url&quot;:&quot;&quot;,&quot;id&quot;:&quot;&quot;,&quot;size&quot;:&quot;&quot;},&quot;jet_parallax_layout_speed&quot;:{&quot;unit&quot;:&quot;%&quot;,&quot;size&quot;:50,&quot;sizes&quot;:[]},&quot;jet_parallax_layout_type&quot;:&quot;scroll&quot;,&quot;jet_parallax_layout_direction&quot;:&quot;1&quot;,&quot;jet_parallax_layout_fx_direction&quot;:null,&quot;jet_parallax_layout_z_index&quot;:&quot;&quot;,&quot;jet_parallax_layout_bg_x&quot;:50,&quot;jet_parallax_layout_bg_x_tablet&quot;:&quot;&quot;,&quot;jet_parallax_layout_bg_x_mobile&quot;:&quot;&quot;,&quot;jet_parallax_layout_bg_y&quot;:50,&quot;jet_parallax_layout_bg_y_tablet&quot;:&quot;&quot;,&quot;jet_parallax_layout_bg_y_mobile&quot;:&quot;&quot;,&quot;jet_parallax_layout_bg_size&quot;:&quot;auto&quot;,&quot;jet_parallax_layout_bg_size_tablet&quot;:&quot;&quot;,&quot;jet_parallax_layout_bg_size_mobile&quot;:&quot;&quot;,&quot;jet_parallax_layout_animation_prop&quot;:&quot;transform&quot;,&quot;jet_parallax_layout_on&quot;:[&quot;desktop&quot;,&quot;tablet&quot;]}],&quot;background_background&quot;:&quot;classic&quot;}\">\n\t\t\t\t\t\t<div class=\"elementor-container elementor-column-gap-default\">\n\t\t\t\t\t<div class=\"elementor-column elementor-col-100 elementor-top-column elementor-element elementor-element-05e79cc\" data-id=\"05e79cc\" data-element_type=\"column\">\n\t\t\t<div class=\"elementor-widget-wrap elementor-element-populated\">\n\t\t\t\t\t\t<div class=\"elementor-element elementor-element-3e71652 elementor-widget elementor-widget-text-editor\" data-id=\"3e71652\" data-element_type=\"widget\" data-widget_type=\"text-editor.default\">\n\t\t\t\t<div class=\"elementor-widget-container\">\n\t\t\t\t\t\t\t\t\t<h2>MARCH\u00c9 DE LA LOGISTIQUE VIRTUELLE MonATL<\/h2><p>Entrez dans le march\u00e9 de la logistique virtuelle MonATL pour une consultation gratuite de 30 minutes avec un de nos agents.<\/p>\t\t\t\t\t\t\t\t<\/div>\n\t\t\t\t<\/div>\n\t\t\t\t<div class=\"elementor-element elementor-element-14bcf05 elementor-align-center elementor-widget elementor-widget-raven-button\" data-id=\"14bcf05\" data-element_type=\"widget\" data-settings=\"{&quot;turn_to_popup_action_button&quot;:&quot;no&quot;}\" data-widget_type=\"raven-button.default\">\n\t\t\t\t<div class=\"elementor-widget-container\">\n\t\t\t\t\t\t\t<div class=\"raven-widget-wrapper\">\n\t\t\t<a class=\"raven-button raven-button-widget-normal-effect-none  raven-button-text-align-center raven-button-link elementor-animation-none\" href=\"https:\/\/mytla.com\/fr\/contactez-nous\/\">\t\t\t\t<div class=\"raven-button-overlay\" ><\/div>\n\t\t\t\t<span class=\"raven-button-content\">\n\t\t\t\t\t\n\t\t\t\t\t<div class=\"button-text-container\">\n\t\t\t\t\t\t\t\t\t\t\t\t<div class=\"raven-button-texts-wrapper\">\n\t\t\t\t\t\t\t<div class=\"button-text\">\n\t\t\t\t\t\t\t\t<span class=\"raven-button-text\">\n\t\t\t\t\t\t\t\t\tNOUS CONTACTER\t\t\t\t\t\t\t\t<\/span>\n\t\t\t\t\t\t\t<\/div>\n\t\t\t\t\t\t\t\t\t\t\t\t\t<\/div>\n\t\t\t\t\t\t\t\t\t\t\t<\/div>\n\t\t\t\t\t\n\t\t\t\t\t\t\t\t\t<\/span>\n\t\t\t<\/a>\t\t<\/div>\n\t\t\t\t\t\t<\/div>\n\t\t\t\t<\/div>\n\t\t\t\t\t<\/div>\n\t\t<\/div>\n\t\t\t\t\t<\/div>\n\t\t<\/section>\n\t\t\t\t<\/div>\n\t\t","protected":false},"excerpt":{"rendered":"<p>Co\u00fbt Entre l\u2019offre, la demande de services sp\u00e9cialis\u00e9s et la capacit\u00e9 de transport, il existe un co\u00fbt \u00e9quitable et \u00e9quilibr\u00e9. Un co\u00fbt optimal pour un b\u00e9n\u00e9fice et une rentabilit\u00e9 mutuels. En tant qu&rsquo;entreprise de logistique, vous fournissez un service et une expertise inestimables. Toutefois, les co\u00fbts du march\u00e9 \u00e9tant fluctuants et instables, comment savoir si [&hellip;]<\/p>\n","protected":false},"author":1,"featured_media":0,"parent":246,"menu_order":0,"comment_status":"closed","ping_status":"open","template":"elementor_header_footer","meta":{"_acf_changed":false,"footnotes":""},"class_list":["post-249","page","type-page","status-publish","hentry"],"acf":[],"yoast_head":"<!-- This site is optimized with the Yoast SEO plugin v26.4 - https:\/\/yoast.com\/wordpress\/plugins\/seo\/ -->\n<title>Co\u00fbt - MyTLA<\/title>\n<meta name=\"description\" content=\"Entre l\u2019offre, la demande de services sp\u00e9cialis\u00e9s et la capacit\u00e9 de transport, il existe un co\u00fbt \u00e9quitable et \u00e9quilibr\u00e9. Un co\u00fbt optimal pour un b\u00e9n\u00e9fice et une rentabilit\u00e9 mutuels.\" \/>\n<meta name=\"robots\" content=\"index, follow, max-snippet:-1, max-image-preview:large, max-video-preview:-1\" \/>\n<link rel=\"canonical\" href=\"https:\/\/mytla.com\/fr\/logistics-providers\/cost\/\" \/>\n<meta property=\"og:locale\" content=\"fr_FR\" \/>\n<meta property=\"og:type\" content=\"article\" \/>\n<meta property=\"og:title\" content=\"Co\u00fbt - MyTLA\" \/>\n<meta property=\"og:description\" content=\"Entre l\u2019offre, la demande de services sp\u00e9cialis\u00e9s et la capacit\u00e9 de transport, il existe un co\u00fbt \u00e9quitable et \u00e9quilibr\u00e9. Un co\u00fbt optimal pour un b\u00e9n\u00e9fice et une rentabilit\u00e9 mutuels.\" \/>\n<meta property=\"og:url\" content=\"https:\/\/mytla.com\/logistics-providers\/cost\/\" \/>\n<meta property=\"og:site_name\" content=\"MyTLA\" \/>\n<meta property=\"article:modified_time\" content=\"2020-12-15T21:29:37+00:00\" \/>\n<meta name=\"twitter:card\" content=\"summary_large_image\" \/>\n<script type=\"application\/ld+json\" class=\"yoast-schema-graph\">{\"@context\":\"https:\/\/schema.org\",\"@graph\":[{\"@type\":\"WebPage\",\"@id\":\"https:\/\/mytla.com\/logistics-providers\/cost\/\",\"url\":\"https:\/\/mytla.com\/logistics-providers\/cost\/\",\"name\":\"Co\u00fbt - MyTLA\",\"isPartOf\":{\"@id\":\"https:\/\/mytla.com\/#website\"},\"datePublished\":\"2020-12-15T02:28:05+00:00\",\"dateModified\":\"2020-12-15T21:29:37+00:00\",\"description\":\"Entre l\u2019offre, la demande de services sp\u00e9cialis\u00e9s et la capacit\u00e9 de transport, il existe un co\u00fbt \u00e9quitable et \u00e9quilibr\u00e9. Un co\u00fbt optimal pour un b\u00e9n\u00e9fice et une rentabilit\u00e9 mutuels.\",\"breadcrumb\":{\"@id\":\"https:\/\/mytla.com\/logistics-providers\/cost\/#breadcrumb\"},\"inLanguage\":\"fr-FR\",\"potentialAction\":[{\"@type\":\"ReadAction\",\"target\":[\"https:\/\/mytla.com\/logistics-providers\/cost\/\"]}]},{\"@type\":\"BreadcrumbList\",\"@id\":\"https:\/\/mytla.com\/logistics-providers\/cost\/#breadcrumb\",\"itemListElement\":[{\"@type\":\"ListItem\",\"position\":1,\"name\":\"Home\",\"item\":\"https:\/\/mytla.com\/\"},{\"@type\":\"ListItem\",\"position\":2,\"name\":\"Les Fournisseurs De Services Logistiques\",\"item\":\"https:\/\/mytla.com\/logistics-providers\/\"},{\"@type\":\"ListItem\",\"position\":3,\"name\":\"Co\u00fbt\"}]},{\"@type\":\"WebSite\",\"@id\":\"https:\/\/mytla.com\/#website\",\"url\":\"https:\/\/mytla.com\/\",\"name\":\"MyTLA - Transportation & Logistics Agency\",\"description\":\"Transportation &amp; Logistics Agency\",\"publisher\":{\"@id\":\"https:\/\/mytla.com\/#organization\"},\"potentialAction\":[{\"@type\":\"SearchAction\",\"target\":{\"@type\":\"EntryPoint\",\"urlTemplate\":\"https:\/\/mytla.com\/?s={search_term_string}\"},\"query-input\":{\"@type\":\"PropertyValueSpecification\",\"valueRequired\":true,\"valueName\":\"search_term_string\"}}],\"inLanguage\":\"fr-FR\"},{\"@type\":\"Organization\",\"@id\":\"https:\/\/mytla.com\/#organization\",\"name\":\"MyTLA\",\"url\":\"https:\/\/mytla.com\/\",\"logo\":{\"@type\":\"ImageObject\",\"inLanguage\":\"fr-FR\",\"@id\":\"https:\/\/mytla.com\/#\/schema\/logo\/image\/\",\"url\":\"https:\/\/mytla.com\/wp-content\/uploads\/2020\/10\/logo.png\",\"contentUrl\":\"https:\/\/mytla.com\/wp-content\/uploads\/2020\/10\/logo.png\",\"width\":421,\"height\":156,\"caption\":\"MyTLA\"},\"image\":{\"@id\":\"https:\/\/mytla.com\/#\/schema\/logo\/image\/\"}}]}<\/script>\n<!-- \/ Yoast SEO plugin. -->","yoast_head_json":{"title":"Co\u00fbt - MyTLA","description":"Entre l\u2019offre, la demande de services sp\u00e9cialis\u00e9s et la capacit\u00e9 de transport, il existe un co\u00fbt \u00e9quitable et \u00e9quilibr\u00e9. Un co\u00fbt optimal pour un b\u00e9n\u00e9fice et une rentabilit\u00e9 mutuels.","robots":{"index":"index","follow":"follow","max-snippet":"max-snippet:-1","max-image-preview":"max-image-preview:large","max-video-preview":"max-video-preview:-1"},"canonical":"https:\/\/mytla.com\/fr\/logistics-providers\/cost\/","og_locale":"fr_FR","og_type":"article","og_title":"Co\u00fbt - MyTLA","og_description":"Entre l\u2019offre, la demande de services sp\u00e9cialis\u00e9s et la capacit\u00e9 de transport, il existe un co\u00fbt \u00e9quitable et \u00e9quilibr\u00e9. Un co\u00fbt optimal pour un b\u00e9n\u00e9fice et une rentabilit\u00e9 mutuels.","og_url":"https:\/\/mytla.com\/logistics-providers\/cost\/","og_site_name":"MyTLA","article_modified_time":"2020-12-15T21:29:37+00:00","twitter_card":"summary_large_image","schema":{"@context":"https:\/\/schema.org","@graph":[{"@type":"WebPage","@id":"https:\/\/mytla.com\/logistics-providers\/cost\/","url":"https:\/\/mytla.com\/logistics-providers\/cost\/","name":"Co\u00fbt - MyTLA","isPartOf":{"@id":"https:\/\/mytla.com\/#website"},"datePublished":"2020-12-15T02:28:05+00:00","dateModified":"2020-12-15T21:29:37+00:00","description":"Entre l\u2019offre, la demande de services sp\u00e9cialis\u00e9s et la capacit\u00e9 de transport, il existe un co\u00fbt \u00e9quitable et \u00e9quilibr\u00e9. Un co\u00fbt optimal pour un b\u00e9n\u00e9fice et une rentabilit\u00e9 mutuels.","breadcrumb":{"@id":"https:\/\/mytla.com\/logistics-providers\/cost\/#breadcrumb"},"inLanguage":"fr-FR","potentialAction":[{"@type":"ReadAction","target":["https:\/\/mytla.com\/logistics-providers\/cost\/"]}]},{"@type":"BreadcrumbList","@id":"https:\/\/mytla.com\/logistics-providers\/cost\/#breadcrumb","itemListElement":[{"@type":"ListItem","position":1,"name":"Home","item":"https:\/\/mytla.com\/"},{"@type":"ListItem","position":2,"name":"Les Fournisseurs De Services Logistiques","item":"https:\/\/mytla.com\/logistics-providers\/"},{"@type":"ListItem","position":3,"name":"Co\u00fbt"}]},{"@type":"WebSite","@id":"https:\/\/mytla.com\/#website","url":"https:\/\/mytla.com\/","name":"MyTLA - Transportation & Logistics Agency","description":"Transportation &amp; Logistics Agency","publisher":{"@id":"https:\/\/mytla.com\/#organization"},"potentialAction":[{"@type":"SearchAction","target":{"@type":"EntryPoint","urlTemplate":"https:\/\/mytla.com\/?s={search_term_string}"},"query-input":{"@type":"PropertyValueSpecification","valueRequired":true,"valueName":"search_term_string"}}],"inLanguage":"fr-FR"},{"@type":"Organization","@id":"https:\/\/mytla.com\/#organization","name":"MyTLA","url":"https:\/\/mytla.com\/","logo":{"@type":"ImageObject","inLanguage":"fr-FR","@id":"https:\/\/mytla.com\/#\/schema\/logo\/image\/","url":"https:\/\/mytla.com\/wp-content\/uploads\/2020\/10\/logo.png","contentUrl":"https:\/\/mytla.com\/wp-content\/uploads\/2020\/10\/logo.png","width":421,"height":156,"caption":"MyTLA"},"image":{"@id":"https:\/\/mytla.com\/#\/schema\/logo\/image\/"}}]}},"_links":{"self":[{"href":"https:\/\/mytla.com\/fr\/wp-json\/wp\/v2\/pages\/249","targetHints":{"allow":["GET"]}}],"collection":[{"href":"https:\/\/mytla.com\/fr\/wp-json\/wp\/v2\/pages"}],"about":[{"href":"https:\/\/mytla.com\/fr\/wp-json\/wp\/v2\/types\/page"}],"author":[{"embeddable":true,"href":"https:\/\/mytla.com\/fr\/wp-json\/wp\/v2\/users\/1"}],"replies":[{"embeddable":true,"href":"https:\/\/mytla.com\/fr\/wp-json\/wp\/v2\/comments?post=249"}],"version-history":[{"count":7,"href":"https:\/\/mytla.com\/fr\/wp-json\/wp\/v2\/pages\/249\/revisions"}],"predecessor-version":[{"id":303,"href":"https:\/\/mytla.com\/fr\/wp-json\/wp\/v2\/pages\/249\/revisions\/303"}],"up":[{"embeddable":true,"href":"https:\/\/mytla.com\/fr\/wp-json\/wp\/v2\/pages\/246"}],"wp:attachment":[{"href":"https:\/\/mytla.com\/fr\/wp-json\/wp\/v2\/media?parent=249"}],"curies":[{"name":"wp","href":"https:\/\/api.w.org\/{rel}","templated":true}]}}