{"id":248,"date":"2020-12-15T02:27:59","date_gmt":"2020-12-15T02:27:59","guid":{"rendered":"https:\/\/mytla.com\/?page_id=248"},"modified":"2020-12-15T21:31:04","modified_gmt":"2020-12-15T21:31:04","slug":"culture-dentreprise","status":"publish","type":"page","link":"https:\/\/mytla.com\/fr\/les-fournisseurs-de-services-logistiques\/culture-dentreprise\/","title":{"rendered":"Culture d&rsquo;entreprise"},"content":{"rendered":"\t\t<div data-elementor-type=\"wp-page\" data-elementor-id=\"248\" class=\"elementor elementor-248\">\n\t\t\t\t\t\t<section class=\"elementor-section elementor-top-section elementor-element elementor-element-86a76ab elementor-section-height-min-height elementor-section-boxed elementor-section-height-default elementor-section-items-middle\" data-id=\"86a76ab\" data-element_type=\"section\" data-settings=\"{&quot;jet_parallax_layout_list&quot;:[{&quot;jet_parallax_layout_image&quot;:{&quot;url&quot;:&quot;&quot;,&quot;id&quot;:&quot;&quot;,&quot;size&quot;:&quot;&quot;},&quot;_id&quot;:&quot;1ea04ab&quot;,&quot;jet_parallax_layout_image_tablet&quot;:{&quot;url&quot;:&quot;&quot;,&quot;id&quot;:&quot;&quot;,&quot;size&quot;:&quot;&quot;},&quot;jet_parallax_layout_image_mobile&quot;:{&quot;url&quot;:&quot;&quot;,&quot;id&quot;:&quot;&quot;,&quot;size&quot;:&quot;&quot;},&quot;jet_parallax_layout_speed&quot;:{&quot;unit&quot;:&quot;%&quot;,&quot;size&quot;:50,&quot;sizes&quot;:[]},&quot;jet_parallax_layout_type&quot;:&quot;scroll&quot;,&quot;jet_parallax_layout_direction&quot;:&quot;1&quot;,&quot;jet_parallax_layout_fx_direction&quot;:null,&quot;jet_parallax_layout_z_index&quot;:&quot;&quot;,&quot;jet_parallax_layout_bg_x&quot;:50,&quot;jet_parallax_layout_bg_x_tablet&quot;:&quot;&quot;,&quot;jet_parallax_layout_bg_x_mobile&quot;:&quot;&quot;,&quot;jet_parallax_layout_bg_y&quot;:50,&quot;jet_parallax_layout_bg_y_tablet&quot;:&quot;&quot;,&quot;jet_parallax_layout_bg_y_mobile&quot;:&quot;&quot;,&quot;jet_parallax_layout_bg_size&quot;:&quot;auto&quot;,&quot;jet_parallax_layout_bg_size_tablet&quot;:&quot;&quot;,&quot;jet_parallax_layout_bg_size_mobile&quot;:&quot;&quot;,&quot;jet_parallax_layout_animation_prop&quot;:&quot;transform&quot;,&quot;jet_parallax_layout_on&quot;:[&quot;desktop&quot;,&quot;tablet&quot;]}],&quot;background_background&quot;:&quot;classic&quot;}\">\n\t\t\t\t\t\t\t<div class=\"elementor-background-overlay\"><\/div>\n\t\t\t\t\t\t\t<div class=\"elementor-container elementor-column-gap-default\">\n\t\t\t\t\t<div class=\"elementor-column elementor-col-100 elementor-top-column elementor-element elementor-element-e27272f\" data-id=\"e27272f\" data-element_type=\"column\">\n\t\t\t<div class=\"elementor-widget-wrap elementor-element-populated\">\n\t\t\t\t\t\t<div class=\"elementor-element elementor-element-f0a2ca9 elementor-widget elementor-widget-text-editor\" data-id=\"f0a2ca9\" data-element_type=\"widget\" data-widget_type=\"text-editor.default\">\n\t\t\t\t<div class=\"elementor-widget-container\">\n\t\t\t\t\t\t\t\t\t<p>Culture d&rsquo;entreprise<\/p>\t\t\t\t\t\t\t\t<\/div>\n\t\t\t\t<\/div>\n\t\t\t\t\t<\/div>\n\t\t<\/div>\n\t\t\t\t\t<\/div>\n\t\t<\/section>\n\t\t\t\t<section class=\"elementor-section elementor-top-section elementor-element elementor-element-9dbbc26 elementor-section-boxed elementor-section-height-default elementor-section-height-default\" data-id=\"9dbbc26\" data-element_type=\"section\" data-settings=\"{&quot;jet_parallax_layout_list&quot;:[{&quot;jet_parallax_layout_image&quot;:{&quot;url&quot;:&quot;&quot;,&quot;id&quot;:&quot;&quot;,&quot;size&quot;:&quot;&quot;},&quot;_id&quot;:&quot;186aa4e&quot;,&quot;jet_parallax_layout_image_tablet&quot;:{&quot;url&quot;:&quot;&quot;,&quot;id&quot;:&quot;&quot;,&quot;size&quot;:&quot;&quot;},&quot;jet_parallax_layout_image_mobile&quot;:{&quot;url&quot;:&quot;&quot;,&quot;id&quot;:&quot;&quot;,&quot;size&quot;:&quot;&quot;},&quot;jet_parallax_layout_speed&quot;:{&quot;unit&quot;:&quot;%&quot;,&quot;size&quot;:50,&quot;sizes&quot;:[]},&quot;jet_parallax_layout_type&quot;:&quot;scroll&quot;,&quot;jet_parallax_layout_direction&quot;:&quot;1&quot;,&quot;jet_parallax_layout_fx_direction&quot;:null,&quot;jet_parallax_layout_z_index&quot;:&quot;&quot;,&quot;jet_parallax_layout_bg_x&quot;:50,&quot;jet_parallax_layout_bg_x_tablet&quot;:&quot;&quot;,&quot;jet_parallax_layout_bg_x_mobile&quot;:&quot;&quot;,&quot;jet_parallax_layout_bg_y&quot;:50,&quot;jet_parallax_layout_bg_y_tablet&quot;:&quot;&quot;,&quot;jet_parallax_layout_bg_y_mobile&quot;:&quot;&quot;,&quot;jet_parallax_layout_bg_size&quot;:&quot;auto&quot;,&quot;jet_parallax_layout_bg_size_tablet&quot;:&quot;&quot;,&quot;jet_parallax_layout_bg_size_mobile&quot;:&quot;&quot;,&quot;jet_parallax_layout_animation_prop&quot;:&quot;transform&quot;,&quot;jet_parallax_layout_on&quot;:[&quot;desktop&quot;,&quot;tablet&quot;]}]}\">\n\t\t\t\t\t\t<div class=\"elementor-container elementor-column-gap-default\">\n\t\t\t\t\t<div class=\"elementor-column elementor-col-100 elementor-top-column elementor-element elementor-element-dcdb4ab\" data-id=\"dcdb4ab\" data-element_type=\"column\">\n\t\t\t<div class=\"elementor-widget-wrap elementor-element-populated\">\n\t\t\t\t\t\t<div class=\"elementor-element elementor-element-76b9996 elementor-widget elementor-widget-text-editor\" data-id=\"76b9996\" data-element_type=\"widget\" data-widget_type=\"text-editor.default\">\n\t\t\t\t<div class=\"elementor-widget-container\">\n\t\t\t\t\t\t\t\t\t<h1>Une similarit\u00e9 de la culture d&rsquo;entreprise entre l\u2019exp\u00e9diteur et le fournisseur de services logistiques facilite le travail de chacun.<\/h1>\t\t\t\t\t\t\t\t<\/div>\n\t\t\t\t<\/div>\n\t\t\t\t<div class=\"elementor-element elementor-element-972fb6b elementor-widget elementor-widget-text-editor\" data-id=\"972fb6b\" data-element_type=\"widget\" data-widget_type=\"text-editor.default\">\n\t\t\t\t<div class=\"elementor-widget-container\">\n\t\t\t\t\t\t\t\t\t<p><strong>Bien s\u00fbr, les volumes, services et co\u00fbts logistiques peuvent tous \u00eatre quantifi\u00e9s et mesur\u00e9s. Mais, la similarit\u00e9 de la culture d&rsquo;entreprise est la cl\u00e9 d&rsquo;une bonne relation d&rsquo;affaires.<\/strong><\/p><p>Appelez cela comme vous le voulez: la culture, la personnalit\u00e9 ou la marque d&rsquo;une entreprise. Un \u00ab\u00a0partenariat\u00a0\u00bb commercial r\u00e9ussi et \u00e0 long terme ne repose pas uniquement sur les chiffres.<\/p><p>Pour trouver une culture d&rsquo;entreprise qui convient, nous pouvons s\u00e9lectionner les entreprises en fonction de leur taille, de leur niveau d&rsquo;innovation et de technologie, de leur sensibilit\u00e9 \u00e0 l\u2019\u00e9gard des co\u00fbts, de leur tol\u00e9rance au risque, de leur march\u00e9 vertical ou d&rsquo;autres crit\u00e8res \u00ab\u00a0culturels\u00a0\u00bb.<\/p><p>Les fournisseurs de services logistiques comprennent qu&rsquo;une relation commerciale florissante repose sur un sens commun d\u2019\u00e9quit\u00e9, de responsabilit\u00e9 et de respect.<\/p><p>Dans un secteur r\u00e9gi par des processus op\u00e9rationnels et des gains d&rsquo;efficacit\u00e9, la pond\u00e9ration des facteurs de diff\u00e9renciation moins tangibles qui favorisent la collaboration et la coop\u00e9ration interpersonnelle est souvent n\u00e9glig\u00e9e. Le mod\u00e8le de vente-conseil de MonATL favorise la compatibilit\u00e9 entre les co\u00fbts, les comp\u00e9tences de base et la culture d&rsquo;entreprise.<\/p>\t\t\t\t\t\t\t\t<\/div>\n\t\t\t\t<\/div>\n\t\t\t\t\t<\/div>\n\t\t<\/div>\n\t\t\t\t\t<\/div>\n\t\t<\/section>\n\t\t\t\t<section class=\"elementor-section elementor-top-section elementor-element elementor-element-3d4942d elementor-section-boxed elementor-section-height-default elementor-section-height-default\" data-id=\"3d4942d\" data-element_type=\"section\" data-settings=\"{&quot;jet_parallax_layout_list&quot;:[{&quot;jet_parallax_layout_image&quot;:{&quot;url&quot;:&quot;&quot;,&quot;id&quot;:&quot;&quot;,&quot;size&quot;:&quot;&quot;},&quot;_id&quot;:&quot;186aa4e&quot;,&quot;jet_parallax_layout_image_tablet&quot;:{&quot;url&quot;:&quot;&quot;,&quot;id&quot;:&quot;&quot;,&quot;size&quot;:&quot;&quot;},&quot;jet_parallax_layout_image_mobile&quot;:{&quot;url&quot;:&quot;&quot;,&quot;id&quot;:&quot;&quot;,&quot;size&quot;:&quot;&quot;},&quot;jet_parallax_layout_speed&quot;:{&quot;unit&quot;:&quot;%&quot;,&quot;size&quot;:50,&quot;sizes&quot;:[]},&quot;jet_parallax_layout_type&quot;:&quot;scroll&quot;,&quot;jet_parallax_layout_direction&quot;:&quot;1&quot;,&quot;jet_parallax_layout_fx_direction&quot;:null,&quot;jet_parallax_layout_z_index&quot;:&quot;&quot;,&quot;jet_parallax_layout_bg_x&quot;:50,&quot;jet_parallax_layout_bg_x_tablet&quot;:&quot;&quot;,&quot;jet_parallax_layout_bg_x_mobile&quot;:&quot;&quot;,&quot;jet_parallax_layout_bg_y&quot;:50,&quot;jet_parallax_layout_bg_y_tablet&quot;:&quot;&quot;,&quot;jet_parallax_layout_bg_y_mobile&quot;:&quot;&quot;,&quot;jet_parallax_layout_bg_size&quot;:&quot;auto&quot;,&quot;jet_parallax_layout_bg_size_tablet&quot;:&quot;&quot;,&quot;jet_parallax_layout_bg_size_mobile&quot;:&quot;&quot;,&quot;jet_parallax_layout_animation_prop&quot;:&quot;transform&quot;,&quot;jet_parallax_layout_on&quot;:[&quot;desktop&quot;,&quot;tablet&quot;]}],&quot;background_background&quot;:&quot;classic&quot;}\">\n\t\t\t\t\t\t<div class=\"elementor-container elementor-column-gap-default\">\n\t\t\t\t\t<div class=\"elementor-column elementor-col-100 elementor-top-column elementor-element elementor-element-1dbd11b\" data-id=\"1dbd11b\" data-element_type=\"column\">\n\t\t\t<div class=\"elementor-widget-wrap elementor-element-populated\">\n\t\t\t\t\t\t<div class=\"elementor-element elementor-element-084be19 elementor-widget elementor-widget-text-editor\" data-id=\"084be19\" data-element_type=\"widget\" data-widget_type=\"text-editor.default\">\n\t\t\t\t<div class=\"elementor-widget-container\">\n\t\t\t\t\t\t\t\t\t<p>MonATL joue un r\u00f4le de conseiller et de liaison afin que l\u2019examen des activit\u00e9s courantes et les n\u00e9gociations soient positives, efficaces et fond\u00e9s sur la collaboration.<\/p>\t\t\t\t\t\t\t\t<\/div>\n\t\t\t\t<\/div>\n\t\t\t\t\t<\/div>\n\t\t<\/div>\n\t\t\t\t\t<\/div>\n\t\t<\/section>\n\t\t\t\t<section class=\"elementor-section elementor-top-section elementor-element elementor-element-e1fec55 elementor-section-boxed elementor-section-height-default elementor-section-height-default\" data-id=\"e1fec55\" data-element_type=\"section\" data-settings=\"{&quot;jet_parallax_layout_list&quot;:[{&quot;jet_parallax_layout_image&quot;:{&quot;url&quot;:&quot;&quot;,&quot;id&quot;:&quot;&quot;,&quot;size&quot;:&quot;&quot;},&quot;_id&quot;:&quot;def649c&quot;,&quot;jet_parallax_layout_image_tablet&quot;:{&quot;url&quot;:&quot;&quot;,&quot;id&quot;:&quot;&quot;,&quot;size&quot;:&quot;&quot;},&quot;jet_parallax_layout_image_mobile&quot;:{&quot;url&quot;:&quot;&quot;,&quot;id&quot;:&quot;&quot;,&quot;size&quot;:&quot;&quot;},&quot;jet_parallax_layout_speed&quot;:{&quot;unit&quot;:&quot;%&quot;,&quot;size&quot;:50,&quot;sizes&quot;:[]},&quot;jet_parallax_layout_type&quot;:&quot;scroll&quot;,&quot;jet_parallax_layout_direction&quot;:&quot;1&quot;,&quot;jet_parallax_layout_fx_direction&quot;:null,&quot;jet_parallax_layout_z_index&quot;:&quot;&quot;,&quot;jet_parallax_layout_bg_x&quot;:50,&quot;jet_parallax_layout_bg_x_tablet&quot;:&quot;&quot;,&quot;jet_parallax_layout_bg_x_mobile&quot;:&quot;&quot;,&quot;jet_parallax_layout_bg_y&quot;:50,&quot;jet_parallax_layout_bg_y_tablet&quot;:&quot;&quot;,&quot;jet_parallax_layout_bg_y_mobile&quot;:&quot;&quot;,&quot;jet_parallax_layout_bg_size&quot;:&quot;auto&quot;,&quot;jet_parallax_layout_bg_size_tablet&quot;:&quot;&quot;,&quot;jet_parallax_layout_bg_size_mobile&quot;:&quot;&quot;,&quot;jet_parallax_layout_animation_prop&quot;:&quot;transform&quot;,&quot;jet_parallax_layout_on&quot;:[&quot;desktop&quot;,&quot;tablet&quot;]}],&quot;background_background&quot;:&quot;classic&quot;}\">\n\t\t\t\t\t\t<div class=\"elementor-container elementor-column-gap-default\">\n\t\t\t\t\t<div class=\"elementor-column elementor-col-100 elementor-top-column elementor-element elementor-element-e478783\" data-id=\"e478783\" data-element_type=\"column\">\n\t\t\t<div class=\"elementor-widget-wrap elementor-element-populated\">\n\t\t\t\t\t\t<div class=\"elementor-element elementor-element-bdd29b7 elementor-widget elementor-widget-text-editor\" data-id=\"bdd29b7\" data-element_type=\"widget\" data-widget_type=\"text-editor.default\">\n\t\t\t\t<div class=\"elementor-widget-container\">\n\t\t\t\t\t\t\t\t\t<h2>MARCH\u00c9 DE LA LOGISTIQUE VIRTUELLE MonATL<\/h2><p>Entrez dans le march\u00e9 de la logistique virtuelle MonATL pour une consultation gratuite de 30 minutes avec un de nos agents.<\/p>\t\t\t\t\t\t\t\t<\/div>\n\t\t\t\t<\/div>\n\t\t\t\t<div class=\"elementor-element elementor-element-b0be3fd elementor-align-center elementor-widget elementor-widget-raven-button\" data-id=\"b0be3fd\" data-element_type=\"widget\" data-settings=\"{&quot;turn_to_popup_action_button&quot;:&quot;no&quot;}\" data-widget_type=\"raven-button.default\">\n\t\t\t\t<div class=\"elementor-widget-container\">\n\t\t\t\t\t\t\t<div class=\"raven-widget-wrapper\">\n\t\t\t<a class=\"raven-button raven-button-widget-normal-effect-none  raven-button-text-align-center raven-button-link elementor-animation-none\" href=\"https:\/\/mytla.com\/fr\/contactez-nous\/\">\t\t\t\t<div class=\"raven-button-overlay\" ><\/div>\n\t\t\t\t<span class=\"raven-button-content\">\n\t\t\t\t\t\n\t\t\t\t\t<div class=\"button-text-container\">\n\t\t\t\t\t\t\t\t\t\t\t\t<div class=\"raven-button-texts-wrapper\">\n\t\t\t\t\t\t\t<div class=\"button-text\">\n\t\t\t\t\t\t\t\t<span class=\"raven-button-text\">\n\t\t\t\t\t\t\t\t\tNOUS CONTACTER\t\t\t\t\t\t\t\t<\/span>\n\t\t\t\t\t\t\t<\/div>\n\t\t\t\t\t\t\t\t\t\t\t\t\t<\/div>\n\t\t\t\t\t\t\t\t\t\t\t<\/div>\n\t\t\t\t\t\n\t\t\t\t\t\t\t\t\t<\/span>\n\t\t\t<\/a>\t\t<\/div>\n\t\t\t\t\t\t<\/div>\n\t\t\t\t<\/div>\n\t\t\t\t\t<\/div>\n\t\t<\/div>\n\t\t\t\t\t<\/div>\n\t\t<\/section>\n\t\t\t\t<\/div>\n\t\t","protected":false},"excerpt":{"rendered":"<p>Culture d&rsquo;entreprise Une similarit\u00e9 de la culture d&rsquo;entreprise entre l\u2019exp\u00e9diteur et le fournisseur de services logistiques facilite le travail de chacun. Bien s\u00fbr, les volumes, services et co\u00fbts logistiques peuvent tous \u00eatre quantifi\u00e9s et mesur\u00e9s. Mais, la similarit\u00e9 de la culture d&rsquo;entreprise est la cl\u00e9 d&rsquo;une bonne relation d&rsquo;affaires. Appelez cela comme vous le voulez: [&hellip;]<\/p>\n","protected":false},"author":1,"featured_media":0,"parent":246,"menu_order":0,"comment_status":"closed","ping_status":"open","template":"elementor_header_footer","meta":{"_acf_changed":false,"footnotes":""},"class_list":["post-248","page","type-page","status-publish","hentry"],"acf":[],"yoast_head":"<!-- This site is optimized with the Yoast SEO plugin v26.4 - https:\/\/yoast.com\/wordpress\/plugins\/seo\/ -->\n<title>Culture d&#039;entreprise - MyTLA<\/title>\n<meta name=\"description\" content=\"Une similarit\u00e9 de la culture d&#039;entreprise entre l\u2019exp\u00e9diteur et le fournisseur de services logistiques facilite le travail de chacun.\" \/>\n<meta name=\"robots\" content=\"index, follow, max-snippet:-1, max-image-preview:large, max-video-preview:-1\" \/>\n<link rel=\"canonical\" href=\"https:\/\/mytla.com\/fr\/logistics-providers\/corporate-culture\/\" \/>\n<meta property=\"og:locale\" content=\"fr_FR\" \/>\n<meta property=\"og:type\" content=\"article\" \/>\n<meta property=\"og:title\" content=\"Culture d&#039;entreprise - MyTLA\" \/>\n<meta property=\"og:description\" content=\"Une similarit\u00e9 de la culture d&#039;entreprise entre l\u2019exp\u00e9diteur et le fournisseur de services logistiques facilite le travail de chacun.\" \/>\n<meta property=\"og:url\" content=\"https:\/\/mytla.com\/logistics-providers\/corporate-culture\/\" \/>\n<meta property=\"og:site_name\" content=\"MyTLA\" \/>\n<meta property=\"article:modified_time\" content=\"2020-12-15T21:31:04+00:00\" \/>\n<meta name=\"twitter:card\" content=\"summary_large_image\" \/>\n<script type=\"application\/ld+json\" class=\"yoast-schema-graph\">{\"@context\":\"https:\/\/schema.org\",\"@graph\":[{\"@type\":\"WebPage\",\"@id\":\"https:\/\/mytla.com\/logistics-providers\/corporate-culture\/\",\"url\":\"https:\/\/mytla.com\/logistics-providers\/corporate-culture\/\",\"name\":\"Culture d'entreprise - MyTLA\",\"isPartOf\":{\"@id\":\"https:\/\/mytla.com\/#website\"},\"datePublished\":\"2020-12-15T02:27:59+00:00\",\"dateModified\":\"2020-12-15T21:31:04+00:00\",\"description\":\"Une similarit\u00e9 de la culture d'entreprise entre l\u2019exp\u00e9diteur et le fournisseur de services logistiques facilite le travail de chacun.\",\"breadcrumb\":{\"@id\":\"https:\/\/mytla.com\/logistics-providers\/corporate-culture\/#breadcrumb\"},\"inLanguage\":\"fr-FR\",\"potentialAction\":[{\"@type\":\"ReadAction\",\"target\":[\"https:\/\/mytla.com\/logistics-providers\/corporate-culture\/\"]}]},{\"@type\":\"BreadcrumbList\",\"@id\":\"https:\/\/mytla.com\/logistics-providers\/corporate-culture\/#breadcrumb\",\"itemListElement\":[{\"@type\":\"ListItem\",\"position\":1,\"name\":\"Home\",\"item\":\"https:\/\/mytla.com\/\"},{\"@type\":\"ListItem\",\"position\":2,\"name\":\"Les Fournisseurs De Services Logistiques\",\"item\":\"https:\/\/mytla.com\/logistics-providers\/\"},{\"@type\":\"ListItem\",\"position\":3,\"name\":\"Culture d&#8217;entreprise\"}]},{\"@type\":\"WebSite\",\"@id\":\"https:\/\/mytla.com\/#website\",\"url\":\"https:\/\/mytla.com\/\",\"name\":\"MyTLA - Transportation & Logistics Agency\",\"description\":\"Transportation &amp; Logistics Agency\",\"publisher\":{\"@id\":\"https:\/\/mytla.com\/#organization\"},\"potentialAction\":[{\"@type\":\"SearchAction\",\"target\":{\"@type\":\"EntryPoint\",\"urlTemplate\":\"https:\/\/mytla.com\/?s={search_term_string}\"},\"query-input\":{\"@type\":\"PropertyValueSpecification\",\"valueRequired\":true,\"valueName\":\"search_term_string\"}}],\"inLanguage\":\"fr-FR\"},{\"@type\":\"Organization\",\"@id\":\"https:\/\/mytla.com\/#organization\",\"name\":\"MyTLA\",\"url\":\"https:\/\/mytla.com\/\",\"logo\":{\"@type\":\"ImageObject\",\"inLanguage\":\"fr-FR\",\"@id\":\"https:\/\/mytla.com\/#\/schema\/logo\/image\/\",\"url\":\"https:\/\/mytla.com\/wp-content\/uploads\/2020\/10\/logo.png\",\"contentUrl\":\"https:\/\/mytla.com\/wp-content\/uploads\/2020\/10\/logo.png\",\"width\":421,\"height\":156,\"caption\":\"MyTLA\"},\"image\":{\"@id\":\"https:\/\/mytla.com\/#\/schema\/logo\/image\/\"}}]}<\/script>\n<!-- \/ Yoast SEO plugin. -->","yoast_head_json":{"title":"Culture d'entreprise - MyTLA","description":"Une similarit\u00e9 de la culture d'entreprise entre l\u2019exp\u00e9diteur et le fournisseur de services logistiques facilite le travail de chacun.","robots":{"index":"index","follow":"follow","max-snippet":"max-snippet:-1","max-image-preview":"max-image-preview:large","max-video-preview":"max-video-preview:-1"},"canonical":"https:\/\/mytla.com\/fr\/logistics-providers\/corporate-culture\/","og_locale":"fr_FR","og_type":"article","og_title":"Culture d'entreprise - MyTLA","og_description":"Une similarit\u00e9 de la culture d'entreprise entre l\u2019exp\u00e9diteur et le fournisseur de services logistiques facilite le travail de chacun.","og_url":"https:\/\/mytla.com\/logistics-providers\/corporate-culture\/","og_site_name":"MyTLA","article_modified_time":"2020-12-15T21:31:04+00:00","twitter_card":"summary_large_image","schema":{"@context":"https:\/\/schema.org","@graph":[{"@type":"WebPage","@id":"https:\/\/mytla.com\/logistics-providers\/corporate-culture\/","url":"https:\/\/mytla.com\/logistics-providers\/corporate-culture\/","name":"Culture d'entreprise - MyTLA","isPartOf":{"@id":"https:\/\/mytla.com\/#website"},"datePublished":"2020-12-15T02:27:59+00:00","dateModified":"2020-12-15T21:31:04+00:00","description":"Une similarit\u00e9 de la culture d'entreprise entre l\u2019exp\u00e9diteur et le fournisseur de services logistiques facilite le travail de chacun.","breadcrumb":{"@id":"https:\/\/mytla.com\/logistics-providers\/corporate-culture\/#breadcrumb"},"inLanguage":"fr-FR","potentialAction":[{"@type":"ReadAction","target":["https:\/\/mytla.com\/logistics-providers\/corporate-culture\/"]}]},{"@type":"BreadcrumbList","@id":"https:\/\/mytla.com\/logistics-providers\/corporate-culture\/#breadcrumb","itemListElement":[{"@type":"ListItem","position":1,"name":"Home","item":"https:\/\/mytla.com\/"},{"@type":"ListItem","position":2,"name":"Les Fournisseurs De Services Logistiques","item":"https:\/\/mytla.com\/logistics-providers\/"},{"@type":"ListItem","position":3,"name":"Culture d&#8217;entreprise"}]},{"@type":"WebSite","@id":"https:\/\/mytla.com\/#website","url":"https:\/\/mytla.com\/","name":"MyTLA - Transportation & Logistics Agency","description":"Transportation &amp; Logistics Agency","publisher":{"@id":"https:\/\/mytla.com\/#organization"},"potentialAction":[{"@type":"SearchAction","target":{"@type":"EntryPoint","urlTemplate":"https:\/\/mytla.com\/?s={search_term_string}"},"query-input":{"@type":"PropertyValueSpecification","valueRequired":true,"valueName":"search_term_string"}}],"inLanguage":"fr-FR"},{"@type":"Organization","@id":"https:\/\/mytla.com\/#organization","name":"MyTLA","url":"https:\/\/mytla.com\/","logo":{"@type":"ImageObject","inLanguage":"fr-FR","@id":"https:\/\/mytla.com\/#\/schema\/logo\/image\/","url":"https:\/\/mytla.com\/wp-content\/uploads\/2020\/10\/logo.png","contentUrl":"https:\/\/mytla.com\/wp-content\/uploads\/2020\/10\/logo.png","width":421,"height":156,"caption":"MyTLA"},"image":{"@id":"https:\/\/mytla.com\/#\/schema\/logo\/image\/"}}]}},"_links":{"self":[{"href":"https:\/\/mytla.com\/fr\/wp-json\/wp\/v2\/pages\/248","targetHints":{"allow":["GET"]}}],"collection":[{"href":"https:\/\/mytla.com\/fr\/wp-json\/wp\/v2\/pages"}],"about":[{"href":"https:\/\/mytla.com\/fr\/wp-json\/wp\/v2\/types\/page"}],"author":[{"embeddable":true,"href":"https:\/\/mytla.com\/fr\/wp-json\/wp\/v2\/users\/1"}],"replies":[{"embeddable":true,"href":"https:\/\/mytla.com\/fr\/wp-json\/wp\/v2\/comments?post=248"}],"version-history":[{"count":7,"href":"https:\/\/mytla.com\/fr\/wp-json\/wp\/v2\/pages\/248\/revisions"}],"predecessor-version":[{"id":312,"href":"https:\/\/mytla.com\/fr\/wp-json\/wp\/v2\/pages\/248\/revisions\/312"}],"up":[{"embeddable":true,"href":"https:\/\/mytla.com\/fr\/wp-json\/wp\/v2\/pages\/246"}],"wp:attachment":[{"href":"https:\/\/mytla.com\/fr\/wp-json\/wp\/v2\/media?parent=248"}],"curies":[{"name":"wp","href":"https:\/\/api.w.org\/{rel}","templated":true}]}}