{"id":247,"date":"2020-12-15T02:27:50","date_gmt":"2020-12-15T02:27:50","guid":{"rendered":"https:\/\/mytla.com\/?page_id=247"},"modified":"2020-12-15T21:29:31","modified_gmt":"2020-12-15T21:29:31","slug":"competence-fondamentale","status":"publish","type":"page","link":"https:\/\/mytla.com\/fr\/les-fournisseurs-de-services-logistiques\/competence-fondamentale\/","title":{"rendered":"Comp\u00e9tence fondamentale"},"content":{"rendered":"\t\t<div data-elementor-type=\"wp-page\" data-elementor-id=\"247\" class=\"elementor elementor-247\">\n\t\t\t\t\t\t<section class=\"elementor-section elementor-top-section elementor-element elementor-element-86a76ab elementor-section-height-min-height elementor-section-boxed elementor-section-height-default elementor-section-items-middle\" data-id=\"86a76ab\" data-element_type=\"section\" data-settings=\"{&quot;jet_parallax_layout_list&quot;:[{&quot;jet_parallax_layout_image&quot;:{&quot;url&quot;:&quot;&quot;,&quot;id&quot;:&quot;&quot;,&quot;size&quot;:&quot;&quot;},&quot;_id&quot;:&quot;1ea04ab&quot;,&quot;jet_parallax_layout_image_tablet&quot;:{&quot;url&quot;:&quot;&quot;,&quot;id&quot;:&quot;&quot;,&quot;size&quot;:&quot;&quot;},&quot;jet_parallax_layout_image_mobile&quot;:{&quot;url&quot;:&quot;&quot;,&quot;id&quot;:&quot;&quot;,&quot;size&quot;:&quot;&quot;},&quot;jet_parallax_layout_speed&quot;:{&quot;unit&quot;:&quot;%&quot;,&quot;size&quot;:50,&quot;sizes&quot;:[]},&quot;jet_parallax_layout_type&quot;:&quot;scroll&quot;,&quot;jet_parallax_layout_direction&quot;:&quot;1&quot;,&quot;jet_parallax_layout_fx_direction&quot;:null,&quot;jet_parallax_layout_z_index&quot;:&quot;&quot;,&quot;jet_parallax_layout_bg_x&quot;:50,&quot;jet_parallax_layout_bg_x_tablet&quot;:&quot;&quot;,&quot;jet_parallax_layout_bg_x_mobile&quot;:&quot;&quot;,&quot;jet_parallax_layout_bg_y&quot;:50,&quot;jet_parallax_layout_bg_y_tablet&quot;:&quot;&quot;,&quot;jet_parallax_layout_bg_y_mobile&quot;:&quot;&quot;,&quot;jet_parallax_layout_bg_size&quot;:&quot;auto&quot;,&quot;jet_parallax_layout_bg_size_tablet&quot;:&quot;&quot;,&quot;jet_parallax_layout_bg_size_mobile&quot;:&quot;&quot;,&quot;jet_parallax_layout_animation_prop&quot;:&quot;transform&quot;,&quot;jet_parallax_layout_on&quot;:[&quot;desktop&quot;,&quot;tablet&quot;]}],&quot;background_background&quot;:&quot;classic&quot;}\">\n\t\t\t\t\t\t\t<div class=\"elementor-background-overlay\"><\/div>\n\t\t\t\t\t\t\t<div class=\"elementor-container elementor-column-gap-default\">\n\t\t\t\t\t<div class=\"elementor-column elementor-col-100 elementor-top-column elementor-element elementor-element-e27272f\" data-id=\"e27272f\" data-element_type=\"column\">\n\t\t\t<div class=\"elementor-widget-wrap elementor-element-populated\">\n\t\t\t\t\t\t<div class=\"elementor-element elementor-element-f0a2ca9 elementor-widget elementor-widget-text-editor\" data-id=\"f0a2ca9\" data-element_type=\"widget\" data-widget_type=\"text-editor.default\">\n\t\t\t\t<div class=\"elementor-widget-container\">\n\t\t\t\t\t\t\t\t\tComp\u00e9tence fondamentale\t\t\t\t\t\t\t\t<\/div>\n\t\t\t\t<\/div>\n\t\t\t\t\t<\/div>\n\t\t<\/div>\n\t\t\t\t\t<\/div>\n\t\t<\/section>\n\t\t\t\t<section class=\"elementor-section elementor-top-section elementor-element elementor-element-9dbbc26 elementor-section-boxed elementor-section-height-default elementor-section-height-default\" data-id=\"9dbbc26\" data-element_type=\"section\" data-settings=\"{&quot;jet_parallax_layout_list&quot;:[{&quot;jet_parallax_layout_image&quot;:{&quot;url&quot;:&quot;&quot;,&quot;id&quot;:&quot;&quot;,&quot;size&quot;:&quot;&quot;},&quot;_id&quot;:&quot;186aa4e&quot;,&quot;jet_parallax_layout_image_tablet&quot;:{&quot;url&quot;:&quot;&quot;,&quot;id&quot;:&quot;&quot;,&quot;size&quot;:&quot;&quot;},&quot;jet_parallax_layout_image_mobile&quot;:{&quot;url&quot;:&quot;&quot;,&quot;id&quot;:&quot;&quot;,&quot;size&quot;:&quot;&quot;},&quot;jet_parallax_layout_speed&quot;:{&quot;unit&quot;:&quot;%&quot;,&quot;size&quot;:50,&quot;sizes&quot;:[]},&quot;jet_parallax_layout_type&quot;:&quot;scroll&quot;,&quot;jet_parallax_layout_direction&quot;:&quot;1&quot;,&quot;jet_parallax_layout_fx_direction&quot;:null,&quot;jet_parallax_layout_z_index&quot;:&quot;&quot;,&quot;jet_parallax_layout_bg_x&quot;:50,&quot;jet_parallax_layout_bg_x_tablet&quot;:&quot;&quot;,&quot;jet_parallax_layout_bg_x_mobile&quot;:&quot;&quot;,&quot;jet_parallax_layout_bg_y&quot;:50,&quot;jet_parallax_layout_bg_y_tablet&quot;:&quot;&quot;,&quot;jet_parallax_layout_bg_y_mobile&quot;:&quot;&quot;,&quot;jet_parallax_layout_bg_size&quot;:&quot;auto&quot;,&quot;jet_parallax_layout_bg_size_tablet&quot;:&quot;&quot;,&quot;jet_parallax_layout_bg_size_mobile&quot;:&quot;&quot;,&quot;jet_parallax_layout_animation_prop&quot;:&quot;transform&quot;,&quot;jet_parallax_layout_on&quot;:[&quot;desktop&quot;,&quot;tablet&quot;]}]}\">\n\t\t\t\t\t\t<div class=\"elementor-container elementor-column-gap-default\">\n\t\t\t\t\t<div class=\"elementor-column elementor-col-100 elementor-top-column elementor-element elementor-element-dcdb4ab\" data-id=\"dcdb4ab\" data-element_type=\"column\">\n\t\t\t<div class=\"elementor-widget-wrap elementor-element-populated\">\n\t\t\t\t\t\t<div class=\"elementor-element elementor-element-76b9996 elementor-widget elementor-widget-text-editor\" data-id=\"76b9996\" data-element_type=\"widget\" data-widget_type=\"text-editor.default\">\n\t\t\t\t<div class=\"elementor-widget-container\">\n\t\t\t\t\t\t\t\t\t<h1>faire concurrence. \u00c0 quoi ressemble un client id\u00e9al pour votre entreprise ?<\/h1>\t\t\t\t\t\t\t\t<\/div>\n\t\t\t\t<\/div>\n\t\t\t\t<div class=\"elementor-element elementor-element-972fb6b elementor-widget elementor-widget-text-editor\" data-id=\"972fb6b\" data-element_type=\"widget\" data-widget_type=\"text-editor.default\">\n\t\t\t\t<div class=\"elementor-widget-container\">\n\t\t\t\t\t\t\t\t\t<p><strong>Bien que le secteur mondial de la logistique ait essay\u00e9 de fusionner, d&rsquo;acqu\u00e9rir et de consolider diff\u00e9rentes entreprises pour en faire un guichet unique, la r\u00e9alit\u00e9 est que le secteur reste fragment\u00e9. <\/strong><\/p><p>Il reste ainsi m\u00eame au sein des divisions acquises par des transporteurs int\u00e9graux internationaux.<\/p><p>En fin de compte, chaque entreprise de logistique est n\u00e9e d&rsquo;un certain niveau de sp\u00e9cialisation. Elles ont commenc\u00e9 par livrer de petites bo\u00eetes, par coordonner le fret a\u00e9rien ou g\u00e9rer les documents douaniers \u00e0 travers les fronti\u00e8res.<\/p><p>Bien s\u00fbr, ces entreprises peuvent se d\u00e9velopper et offrir de nouveaux services. Toutefois, elles rayonnent vraiment lorsqu&rsquo;elles font ce pourquoi elles sont n\u00e9es, ce qu\u2019elles font depuis plus longtemps et <em>mieux<\/em> que toute autre entreprise du secteur. C&rsquo;est l\u00e0 leur comp\u00e9tence principale.<\/p>\t\t\t\t\t\t\t\t<\/div>\n\t\t\t\t<\/div>\n\t\t\t\t\t<\/div>\n\t\t<\/div>\n\t\t\t\t\t<\/div>\n\t\t<\/section>\n\t\t\t\t<section class=\"elementor-section elementor-top-section elementor-element elementor-element-3d4942d elementor-section-boxed elementor-section-height-default elementor-section-height-default\" data-id=\"3d4942d\" data-element_type=\"section\" data-settings=\"{&quot;jet_parallax_layout_list&quot;:[{&quot;jet_parallax_layout_image&quot;:{&quot;url&quot;:&quot;&quot;,&quot;id&quot;:&quot;&quot;,&quot;size&quot;:&quot;&quot;},&quot;_id&quot;:&quot;186aa4e&quot;,&quot;jet_parallax_layout_image_tablet&quot;:{&quot;url&quot;:&quot;&quot;,&quot;id&quot;:&quot;&quot;,&quot;size&quot;:&quot;&quot;},&quot;jet_parallax_layout_image_mobile&quot;:{&quot;url&quot;:&quot;&quot;,&quot;id&quot;:&quot;&quot;,&quot;size&quot;:&quot;&quot;},&quot;jet_parallax_layout_speed&quot;:{&quot;unit&quot;:&quot;%&quot;,&quot;size&quot;:50,&quot;sizes&quot;:[]},&quot;jet_parallax_layout_type&quot;:&quot;scroll&quot;,&quot;jet_parallax_layout_direction&quot;:&quot;1&quot;,&quot;jet_parallax_layout_fx_direction&quot;:null,&quot;jet_parallax_layout_z_index&quot;:&quot;&quot;,&quot;jet_parallax_layout_bg_x&quot;:50,&quot;jet_parallax_layout_bg_x_tablet&quot;:&quot;&quot;,&quot;jet_parallax_layout_bg_x_mobile&quot;:&quot;&quot;,&quot;jet_parallax_layout_bg_y&quot;:50,&quot;jet_parallax_layout_bg_y_tablet&quot;:&quot;&quot;,&quot;jet_parallax_layout_bg_y_mobile&quot;:&quot;&quot;,&quot;jet_parallax_layout_bg_size&quot;:&quot;auto&quot;,&quot;jet_parallax_layout_bg_size_tablet&quot;:&quot;&quot;,&quot;jet_parallax_layout_bg_size_mobile&quot;:&quot;&quot;,&quot;jet_parallax_layout_animation_prop&quot;:&quot;transform&quot;,&quot;jet_parallax_layout_on&quot;:[&quot;desktop&quot;,&quot;tablet&quot;]}],&quot;background_background&quot;:&quot;classic&quot;}\">\n\t\t\t\t\t\t<div class=\"elementor-container elementor-column-gap-default\">\n\t\t\t\t\t<div class=\"elementor-column elementor-col-100 elementor-top-column elementor-element elementor-element-1dbd11b\" data-id=\"1dbd11b\" data-element_type=\"column\">\n\t\t\t<div class=\"elementor-widget-wrap elementor-element-populated\">\n\t\t\t\t\t\t<div class=\"elementor-element elementor-element-084be19 elementor-widget elementor-widget-text-editor\" data-id=\"084be19\" data-element_type=\"widget\" data-widget_type=\"text-editor.default\">\n\t\t\t\t<div class=\"elementor-widget-container\">\n\t\t\t\t\t\t\t\t\t<p>MonATL recherche en permanence le march\u00e9 de la logistique. Elle qualifie les entreprises de logistique en fonction de leurs comp\u00e9tences de base et trouve des exp\u00e9diteurs qui ont besoin de leurs services. Une combinaison parfaite!<\/p>\t\t\t\t\t\t\t\t<\/div>\n\t\t\t\t<\/div>\n\t\t\t\t\t<\/div>\n\t\t<\/div>\n\t\t\t\t\t<\/div>\n\t\t<\/section>\n\t\t\t\t<section class=\"elementor-section elementor-top-section elementor-element elementor-element-cd55560 elementor-section-boxed elementor-section-height-default elementor-section-height-default\" data-id=\"cd55560\" data-element_type=\"section\" data-settings=\"{&quot;jet_parallax_layout_list&quot;:[{&quot;jet_parallax_layout_image&quot;:{&quot;url&quot;:&quot;&quot;,&quot;id&quot;:&quot;&quot;,&quot;size&quot;:&quot;&quot;},&quot;_id&quot;:&quot;def649c&quot;,&quot;jet_parallax_layout_image_tablet&quot;:{&quot;url&quot;:&quot;&quot;,&quot;id&quot;:&quot;&quot;,&quot;size&quot;:&quot;&quot;},&quot;jet_parallax_layout_image_mobile&quot;:{&quot;url&quot;:&quot;&quot;,&quot;id&quot;:&quot;&quot;,&quot;size&quot;:&quot;&quot;},&quot;jet_parallax_layout_speed&quot;:{&quot;unit&quot;:&quot;%&quot;,&quot;size&quot;:50,&quot;sizes&quot;:[]},&quot;jet_parallax_layout_type&quot;:&quot;scroll&quot;,&quot;jet_parallax_layout_direction&quot;:&quot;1&quot;,&quot;jet_parallax_layout_fx_direction&quot;:null,&quot;jet_parallax_layout_z_index&quot;:&quot;&quot;,&quot;jet_parallax_layout_bg_x&quot;:50,&quot;jet_parallax_layout_bg_x_tablet&quot;:&quot;&quot;,&quot;jet_parallax_layout_bg_x_mobile&quot;:&quot;&quot;,&quot;jet_parallax_layout_bg_y&quot;:50,&quot;jet_parallax_layout_bg_y_tablet&quot;:&quot;&quot;,&quot;jet_parallax_layout_bg_y_mobile&quot;:&quot;&quot;,&quot;jet_parallax_layout_bg_size&quot;:&quot;auto&quot;,&quot;jet_parallax_layout_bg_size_tablet&quot;:&quot;&quot;,&quot;jet_parallax_layout_bg_size_mobile&quot;:&quot;&quot;,&quot;jet_parallax_layout_animation_prop&quot;:&quot;transform&quot;,&quot;jet_parallax_layout_on&quot;:[&quot;desktop&quot;,&quot;tablet&quot;]}],&quot;background_background&quot;:&quot;classic&quot;}\">\n\t\t\t\t\t\t<div class=\"elementor-container elementor-column-gap-default\">\n\t\t\t\t\t<div class=\"elementor-column elementor-col-100 elementor-top-column elementor-element elementor-element-c84d3f7\" data-id=\"c84d3f7\" data-element_type=\"column\">\n\t\t\t<div class=\"elementor-widget-wrap elementor-element-populated\">\n\t\t\t\t\t\t<div class=\"elementor-element elementor-element-4b6f329 elementor-widget elementor-widget-text-editor\" data-id=\"4b6f329\" data-element_type=\"widget\" data-widget_type=\"text-editor.default\">\n\t\t\t\t<div class=\"elementor-widget-container\">\n\t\t\t\t\t\t\t\t\t<h2>MARCH\u00c9 DE LA LOGISTIQUE VIRTUELLE MonATL<\/h2><p>Entrez dans le march\u00e9 de la logistique virtuelle MonATL pour une consultation gratuite de 30 minutes avec un de nos agents.<\/p>\t\t\t\t\t\t\t\t<\/div>\n\t\t\t\t<\/div>\n\t\t\t\t<div class=\"elementor-element elementor-element-c65e288 elementor-align-center elementor-widget elementor-widget-raven-button\" data-id=\"c65e288\" data-element_type=\"widget\" data-settings=\"{&quot;turn_to_popup_action_button&quot;:&quot;no&quot;}\" data-widget_type=\"raven-button.default\">\n\t\t\t\t<div class=\"elementor-widget-container\">\n\t\t\t\t\t\t\t<div class=\"raven-widget-wrapper\">\n\t\t\t<a class=\"raven-button raven-button-widget-normal-effect-none  raven-button-text-align-center raven-button-link elementor-animation-none\" href=\"https:\/\/mytla.com\/fr\/contactez-nous\/\">\t\t\t\t<div class=\"raven-button-overlay\" ><\/div>\n\t\t\t\t<span class=\"raven-button-content\">\n\t\t\t\t\t\n\t\t\t\t\t<div class=\"button-text-container\">\n\t\t\t\t\t\t\t\t\t\t\t\t<div class=\"raven-button-texts-wrapper\">\n\t\t\t\t\t\t\t<div class=\"button-text\">\n\t\t\t\t\t\t\t\t<span class=\"raven-button-text\">\n\t\t\t\t\t\t\t\t\tNOUS CONTACTER\t\t\t\t\t\t\t\t<\/span>\n\t\t\t\t\t\t\t<\/div>\n\t\t\t\t\t\t\t\t\t\t\t\t\t<\/div>\n\t\t\t\t\t\t\t\t\t\t\t<\/div>\n\t\t\t\t\t\n\t\t\t\t\t\t\t\t\t<\/span>\n\t\t\t<\/a>\t\t<\/div>\n\t\t\t\t\t\t<\/div>\n\t\t\t\t<\/div>\n\t\t\t\t\t<\/div>\n\t\t<\/div>\n\t\t\t\t\t<\/div>\n\t\t<\/section>\n\t\t\t\t<\/div>\n\t\t","protected":false},"excerpt":{"rendered":"<p>Comp\u00e9tence fondamentale faire concurrence. \u00c0 quoi ressemble un client id\u00e9al pour votre entreprise ? Bien que le secteur mondial de la logistique ait essay\u00e9 de fusionner, d&rsquo;acqu\u00e9rir et de consolider diff\u00e9rentes entreprises pour en faire un guichet unique, la r\u00e9alit\u00e9 est que le secteur reste fragment\u00e9. Il reste ainsi m\u00eame au sein des divisions acquises [&hellip;]<\/p>\n","protected":false},"author":1,"featured_media":0,"parent":246,"menu_order":0,"comment_status":"closed","ping_status":"open","template":"elementor_header_footer","meta":{"_acf_changed":false,"footnotes":""},"class_list":["post-247","page","type-page","status-publish","hentry"],"acf":[],"yoast_head":"<!-- This site is optimized with the Yoast SEO plugin v26.4 - https:\/\/yoast.com\/wordpress\/plugins\/seo\/ -->\n<title>Comp\u00e9tence fondamentale - MyTLA<\/title>\n<meta name=\"description\" content=\"faire concurrence. \u00c0 quoi ressemble un client id\u00e9al pour votre entreprise ?\" \/>\n<meta name=\"robots\" content=\"index, follow, max-snippet:-1, max-image-preview:large, max-video-preview:-1\" \/>\n<link rel=\"canonical\" href=\"https:\/\/mytla.com\/fr\/logistics-providers\/core-competency\/\" \/>\n<meta property=\"og:locale\" content=\"fr_FR\" \/>\n<meta property=\"og:type\" content=\"article\" \/>\n<meta property=\"og:title\" content=\"Comp\u00e9tence fondamentale - MyTLA\" \/>\n<meta property=\"og:description\" content=\"faire concurrence. \u00c0 quoi ressemble un client id\u00e9al pour votre entreprise ?\" \/>\n<meta property=\"og:url\" content=\"https:\/\/mytla.com\/logistics-providers\/core-competency\/\" \/>\n<meta property=\"og:site_name\" content=\"MyTLA\" \/>\n<meta property=\"article:modified_time\" content=\"2020-12-15T21:29:31+00:00\" \/>\n<meta name=\"twitter:card\" content=\"summary_large_image\" \/>\n<script type=\"application\/ld+json\" class=\"yoast-schema-graph\">{\"@context\":\"https:\/\/schema.org\",\"@graph\":[{\"@type\":\"WebPage\",\"@id\":\"https:\/\/mytla.com\/logistics-providers\/core-competency\/\",\"url\":\"https:\/\/mytla.com\/logistics-providers\/core-competency\/\",\"name\":\"Comp\u00e9tence fondamentale - MyTLA\",\"isPartOf\":{\"@id\":\"https:\/\/mytla.com\/#website\"},\"datePublished\":\"2020-12-15T02:27:50+00:00\",\"dateModified\":\"2020-12-15T21:29:31+00:00\",\"description\":\"faire concurrence. \u00c0 quoi ressemble un client id\u00e9al pour votre entreprise ?\",\"breadcrumb\":{\"@id\":\"https:\/\/mytla.com\/logistics-providers\/core-competency\/#breadcrumb\"},\"inLanguage\":\"fr-FR\",\"potentialAction\":[{\"@type\":\"ReadAction\",\"target\":[\"https:\/\/mytla.com\/logistics-providers\/core-competency\/\"]}]},{\"@type\":\"BreadcrumbList\",\"@id\":\"https:\/\/mytla.com\/logistics-providers\/core-competency\/#breadcrumb\",\"itemListElement\":[{\"@type\":\"ListItem\",\"position\":1,\"name\":\"Home\",\"item\":\"https:\/\/mytla.com\/\"},{\"@type\":\"ListItem\",\"position\":2,\"name\":\"Les Fournisseurs De Services Logistiques\",\"item\":\"https:\/\/mytla.com\/logistics-providers\/\"},{\"@type\":\"ListItem\",\"position\":3,\"name\":\"Comp\u00e9tence fondamentale\"}]},{\"@type\":\"WebSite\",\"@id\":\"https:\/\/mytla.com\/#website\",\"url\":\"https:\/\/mytla.com\/\",\"name\":\"MyTLA - Transportation & Logistics Agency\",\"description\":\"Transportation &amp; Logistics Agency\",\"publisher\":{\"@id\":\"https:\/\/mytla.com\/#organization\"},\"potentialAction\":[{\"@type\":\"SearchAction\",\"target\":{\"@type\":\"EntryPoint\",\"urlTemplate\":\"https:\/\/mytla.com\/?s={search_term_string}\"},\"query-input\":{\"@type\":\"PropertyValueSpecification\",\"valueRequired\":true,\"valueName\":\"search_term_string\"}}],\"inLanguage\":\"fr-FR\"},{\"@type\":\"Organization\",\"@id\":\"https:\/\/mytla.com\/#organization\",\"name\":\"MyTLA\",\"url\":\"https:\/\/mytla.com\/\",\"logo\":{\"@type\":\"ImageObject\",\"inLanguage\":\"fr-FR\",\"@id\":\"https:\/\/mytla.com\/#\/schema\/logo\/image\/\",\"url\":\"https:\/\/mytla.com\/wp-content\/uploads\/2020\/10\/logo.png\",\"contentUrl\":\"https:\/\/mytla.com\/wp-content\/uploads\/2020\/10\/logo.png\",\"width\":421,\"height\":156,\"caption\":\"MyTLA\"},\"image\":{\"@id\":\"https:\/\/mytla.com\/#\/schema\/logo\/image\/\"}}]}<\/script>\n<!-- \/ Yoast SEO plugin. -->","yoast_head_json":{"title":"Comp\u00e9tence fondamentale - MyTLA","description":"faire concurrence. \u00c0 quoi ressemble un client id\u00e9al pour votre entreprise ?","robots":{"index":"index","follow":"follow","max-snippet":"max-snippet:-1","max-image-preview":"max-image-preview:large","max-video-preview":"max-video-preview:-1"},"canonical":"https:\/\/mytla.com\/fr\/logistics-providers\/core-competency\/","og_locale":"fr_FR","og_type":"article","og_title":"Comp\u00e9tence fondamentale - MyTLA","og_description":"faire concurrence. \u00c0 quoi ressemble un client id\u00e9al pour votre entreprise ?","og_url":"https:\/\/mytla.com\/logistics-providers\/core-competency\/","og_site_name":"MyTLA","article_modified_time":"2020-12-15T21:29:31+00:00","twitter_card":"summary_large_image","schema":{"@context":"https:\/\/schema.org","@graph":[{"@type":"WebPage","@id":"https:\/\/mytla.com\/logistics-providers\/core-competency\/","url":"https:\/\/mytla.com\/logistics-providers\/core-competency\/","name":"Comp\u00e9tence fondamentale - MyTLA","isPartOf":{"@id":"https:\/\/mytla.com\/#website"},"datePublished":"2020-12-15T02:27:50+00:00","dateModified":"2020-12-15T21:29:31+00:00","description":"faire concurrence. \u00c0 quoi ressemble un client id\u00e9al pour votre entreprise ?","breadcrumb":{"@id":"https:\/\/mytla.com\/logistics-providers\/core-competency\/#breadcrumb"},"inLanguage":"fr-FR","potentialAction":[{"@type":"ReadAction","target":["https:\/\/mytla.com\/logistics-providers\/core-competency\/"]}]},{"@type":"BreadcrumbList","@id":"https:\/\/mytla.com\/logistics-providers\/core-competency\/#breadcrumb","itemListElement":[{"@type":"ListItem","position":1,"name":"Home","item":"https:\/\/mytla.com\/"},{"@type":"ListItem","position":2,"name":"Les Fournisseurs De Services Logistiques","item":"https:\/\/mytla.com\/logistics-providers\/"},{"@type":"ListItem","position":3,"name":"Comp\u00e9tence fondamentale"}]},{"@type":"WebSite","@id":"https:\/\/mytla.com\/#website","url":"https:\/\/mytla.com\/","name":"MyTLA - Transportation & Logistics Agency","description":"Transportation &amp; Logistics Agency","publisher":{"@id":"https:\/\/mytla.com\/#organization"},"potentialAction":[{"@type":"SearchAction","target":{"@type":"EntryPoint","urlTemplate":"https:\/\/mytla.com\/?s={search_term_string}"},"query-input":{"@type":"PropertyValueSpecification","valueRequired":true,"valueName":"search_term_string"}}],"inLanguage":"fr-FR"},{"@type":"Organization","@id":"https:\/\/mytla.com\/#organization","name":"MyTLA","url":"https:\/\/mytla.com\/","logo":{"@type":"ImageObject","inLanguage":"fr-FR","@id":"https:\/\/mytla.com\/#\/schema\/logo\/image\/","url":"https:\/\/mytla.com\/wp-content\/uploads\/2020\/10\/logo.png","contentUrl":"https:\/\/mytla.com\/wp-content\/uploads\/2020\/10\/logo.png","width":421,"height":156,"caption":"MyTLA"},"image":{"@id":"https:\/\/mytla.com\/#\/schema\/logo\/image\/"}}]}},"_links":{"self":[{"href":"https:\/\/mytla.com\/fr\/wp-json\/wp\/v2\/pages\/247","targetHints":{"allow":["GET"]}}],"collection":[{"href":"https:\/\/mytla.com\/fr\/wp-json\/wp\/v2\/pages"}],"about":[{"href":"https:\/\/mytla.com\/fr\/wp-json\/wp\/v2\/types\/page"}],"author":[{"embeddable":true,"href":"https:\/\/mytla.com\/fr\/wp-json\/wp\/v2\/users\/1"}],"replies":[{"embeddable":true,"href":"https:\/\/mytla.com\/fr\/wp-json\/wp\/v2\/comments?post=247"}],"version-history":[{"count":10,"href":"https:\/\/mytla.com\/fr\/wp-json\/wp\/v2\/pages\/247\/revisions"}],"predecessor-version":[{"id":309,"href":"https:\/\/mytla.com\/fr\/wp-json\/wp\/v2\/pages\/247\/revisions\/309"}],"up":[{"embeddable":true,"href":"https:\/\/mytla.com\/fr\/wp-json\/wp\/v2\/pages\/246"}],"wp:attachment":[{"href":"https:\/\/mytla.com\/fr\/wp-json\/wp\/v2\/media?parent=247"}],"curies":[{"name":"wp","href":"https:\/\/api.w.org\/{rel}","templated":true}]}}